{"id":380,"date":"2025-01-22T14:46:17","date_gmt":"2025-01-22T13:46:17","guid":{"rendered":"https:\/\/helpmewalk.eu\/?page_id=380"},"modified":"2026-02-10T09:38:22","modified_gmt":"2026-02-10T08:38:22","slug":"ou-nous-trouver","status":"publish","type":"page","link":"https:\/\/helpmewalk.eu\/index.php\/ou-nous-trouver\/","title":{"rendered":"O\u00f9 nous rencontrer"},"content":{"rendered":"\n<p>Agenda des prochains \u00e9v\u00e9nements auxquels les membres du consortium participeront&nbsp;:<br><\/p>\n\n\n\n<hr class=\"wp-block-separator has-alpha-channel-opacity is-style-wide\"\/>\n\n\n\n<p class=\"has-medium-font-size\"><strong>Le 29 mai 2026, \u00e0 Furtwangen, en Allemagne<\/strong><\/p>\n\n\n\n<p class=\"has-medium-font-size\"><strong>HFU : Le congr\u00e8s de la sant\u00e9 2026<\/strong><\/p>\n\n\n\n<div class=\"wp-block-media-text is-stacked-on-mobile\" style=\"grid-template-columns:39% auto\"><figure class=\"wp-block-media-text__media\"><img fetchpriority=\"high\" decoding=\"async\" width=\"503\" height=\"259\" src=\"https:\/\/helpmewalk.eu\/wp-content\/uploads\/2026\/02\/HFUGesundheitskongress2026_HelpMeWalk.png\" alt=\"\" class=\"wp-image-1376 size-full\" srcset=\"https:\/\/helpmewalk.eu\/wp-content\/uploads\/2026\/02\/HFUGesundheitskongress2026_HelpMeWalk.png 503w, https:\/\/helpmewalk.eu\/wp-content\/uploads\/2026\/02\/HFUGesundheitskongress2026_HelpMeWalk-300x154.png 300w\" sizes=\"(max-width: 503px) 100vw, 503px\" \/><\/figure><div class=\"wp-block-media-text__content\">\n<p><strong>La sant\u00e9 pour TOUS ! <\/strong><br><strong>Des strat\u00e9gies efficaces gr\u00e2ce \u00e0 une sant\u00e9 personnalis\u00e9e.<\/strong><br>La HFU et le r\u00e9seau de sant\u00e9 organisent le congr\u00e8s sur la sant\u00e9 en collaboration avec l&#8217;association de soutien de l&#8217;universit\u00e9 et la ville de Furtwangen. Chaque ann\u00e9e, le congr\u00e8s est consacr\u00e9 \u00e0 des th\u00e8mes et des d\u00e9fis li\u00e9s \u00e0 la sant\u00e9 et \u00e0 la soci\u00e9t\u00e9.<\/p>\n<\/div><\/div>\n\n\n\n<p><strong>Partenaire pr\u00e9sent :<\/strong> Nicolas Pfaff, de la FHU, pr\u00e9sentera un poster sur les r\u00e9sultats de leur recherche dans le cadre du projet HelpMeWalk \u00ab<strong>Encapsulation lavable de circuits imprim\u00e9s flexibles<\/strong>\u00bb.<\/p>\n\n\n\n<hr class=\"wp-block-separator has-alpha-channel-opacity is-style-wide\"\/>\n\n\n\n<p class=\"has-medium-font-size\"><strong>Du 19 au 20 mai 2026 \u00e0 Baden-baden, Allemagne<\/strong><\/p>\n\n\n\n<p class=\"has-medium-font-size\"><strong>Conf\u00e9rence du cluster microTEC 2025<\/strong><\/p>\n\n\n\n<p>Cette rencontre annuelle rassemble des experts issus de l&#8217;industrie, de la recherche et de la politique, offrant de nouvelles perspectives, les derni\u00e8res tendances technologiques et de nombreuses possibilit\u00e9s d&#8217;\u00e9change.<br><\/p>\n\n\n\n<figure class=\"wp-block-image size-large\"><img decoding=\"async\" width=\"1024\" height=\"152\" src=\"https:\/\/helpmewalk.eu\/wp-content\/uploads\/2026\/02\/image-2-1024x152.png\" alt=\"\" class=\"wp-image-1381\" srcset=\"https:\/\/helpmewalk.eu\/wp-content\/uploads\/2026\/02\/image-2-1024x152.png 1024w, https:\/\/helpmewalk.eu\/wp-content\/uploads\/2026\/02\/image-2-300x44.png 300w, https:\/\/helpmewalk.eu\/wp-content\/uploads\/2026\/02\/image-2-768x114.png 768w, https:\/\/helpmewalk.eu\/wp-content\/uploads\/2026\/02\/image-2.png 1126w\" sizes=\"(max-width: 1024px) 100vw, 1024px\" \/><\/figure>\n\n\n\n<p><strong>Partenaire pr\u00e9sent :<\/strong> Nicolas Pfaff, de la HFU, fera une pr\u00e9sentation intitul\u00e9e : \u00ab<strong>Encapsulation lavable de circuits imprim\u00e9s flexibles dans le cadre du projet HelpMeWalk<\/strong> \u00bb.<\/p>\n\n\n\n<hr class=\"wp-block-separator has-alpha-channel-opacity is-style-wide\"\/>\n\n\n\n<p class=\"has-medium-font-size\"><strong>Le 14 novembre 2025 \u00e0 Strasbourg, France<\/strong><\/p>\n\n\n\n<div class=\"wp-block-media-text is-stacked-on-mobile\" style=\"grid-template-columns:20% auto\"><figure class=\"wp-block-media-text__media\"><img decoding=\"async\" width=\"950\" height=\"950\" src=\"https:\/\/helpmewalk.eu\/wp-content\/uploads\/2025\/11\/Logo_FMTS-csm_2019-12-04.jpg\" alt=\"\" class=\"wp-image-1164 size-full\" srcset=\"https:\/\/helpmewalk.eu\/wp-content\/uploads\/2025\/11\/Logo_FMTS-csm_2019-12-04.jpg 950w, https:\/\/helpmewalk.eu\/wp-content\/uploads\/2025\/11\/Logo_FMTS-csm_2019-12-04-300x300.jpg 300w, https:\/\/helpmewalk.eu\/wp-content\/uploads\/2025\/11\/Logo_FMTS-csm_2019-12-04-150x150.jpg 150w, https:\/\/helpmewalk.eu\/wp-content\/uploads\/2025\/11\/Logo_FMTS-csm_2019-12-04-768x768.jpg 768w, https:\/\/helpmewalk.eu\/wp-content\/uploads\/2025\/11\/Logo_FMTS-csm_2019-12-04-270x270.jpg 270w, https:\/\/helpmewalk.eu\/wp-content\/uploads\/2025\/11\/Logo_FMTS-csm_2019-12-04-230x230.jpg 230w\" sizes=\"(max-width: 950px) 100vw, 950px\" \/><\/figure><div class=\"wp-block-media-text__content\">\n<p class=\"has-medium-font-size\"><strong>HealthTech Day with the Strasbourg Federation of Translational Medicine <\/strong><\/p>\n\n\n\n<p>La journ\u00e9e comprendra des s\u00e9minaires anim\u00e9s par le Dr Emeline Ribot, CR CNRS, CRMSB Bordeaux, et le professeur Nassir Navab, de l&#8217;Universit\u00e9 technique de Munich.<br>Des chercheurs et des doctorants sp\u00e9cialis\u00e9s dans les technologies de la sant\u00e9 feront \u00e9galement des pr\u00e9sentations, ainsi qu&#8217;une session de posters.<\/p>\n<\/div><\/div>\n\n\n\n<p><strong>Partenaire pr\u00e9sent :<\/strong> Manon Lambert de ICube-UNISTRA pr\u00e9sentera un poster: <strong>HelpMeWalk : A magnetic system for custom foot orthosis design.<\/strong><\/p>\n\n\n\n<hr class=\"wp-block-separator has-alpha-channel-opacity is-style-wide\"\/>\n\n\n\n<p class=\"has-medium-font-size\"><strong>Du 13 au 14 novembre 2025 \u00e0 Lyon, France<\/strong><\/p>\n\n\n\n<div class=\"wp-block-media-text is-stacked-on-mobile\" style=\"grid-template-columns:31% auto\"><figure class=\"wp-block-media-text__media\"><a href=\"https:\/\/ispo-france.com\/\"><img loading=\"lazy\" decoding=\"async\" width=\"192\" height=\"60\" src=\"http:\/\/helpmewalk.eu\/wp-content\/uploads\/2025\/08\/ispo-FR_logo_1-1.jpg\" alt=\"\" class=\"wp-image-945 size-full\"\/><\/a><\/figure><div class=\"wp-block-media-text__content\">\n<p class=\"has-medium-font-size\"><strong>Proth\u00e8se, orth\u00e8se, podo-orth\u00e8se, r\u00e9habilitation<\/strong><\/p>\n\n\n\n<p>ISPO-France organise chaque ann\u00e9e un congr\u00e8s scientifique regroupant tous les professionnels de l\u2019environnement de l\u2019orthop\u00e9die externe et de la R\u00e9adaptation.<\/p>\n<\/div><\/div>\n\n\n\n<p><strong>Partenaire pr\u00e9sent :<\/strong> FHNW<\/p>\n\n\n\n<hr class=\"wp-block-separator has-alpha-channel-opacity is-style-wide\"\/>\n\n\n\n<p class=\"has-medium-font-size\"><strong>Du 10 au 11 novembre 2025 \u00e0<\/strong> <strong>Muttenz<\/strong>, <strong>Suisse<\/strong><\/p>\n\n\n\n<div class=\"wp-block-media-text is-stacked-on-mobile\" style=\"grid-template-columns:31% auto\"><figure class=\"wp-block-media-text__media\"><img loading=\"lazy\" decoding=\"async\" width=\"673\" height=\"274\" src=\"http:\/\/helpmewalk.eu\/wp-content\/uploads\/2025\/10\/AI-Health-logo-white2.png\" alt=\"\" class=\"wp-image-1078 size-full\" srcset=\"https:\/\/helpmewalk.eu\/wp-content\/uploads\/2025\/10\/AI-Health-logo-white2.png 673w, https:\/\/helpmewalk.eu\/wp-content\/uploads\/2025\/10\/AI-Health-logo-white2-300x122.png 300w\" sizes=\"(max-width: 673px) 100vw, 673px\" \/><\/figure><div class=\"wp-block-media-text__content\">\n<p>La<strong> &#8220;2nd International Annual Conference on Artificial Intelligence in Health (aiHealth2025)<\/strong>&#8221; aura lieu \u00e0 la <strong>FHNW<\/strong> (<strong>University of Applied Sciences and Arts Northwestern Switzerland <\/strong>\u00e0 Muttenz, Suisse.<\/p>\n\n\n\n<p><strong>Health 2025<\/strong> se concentrera sur le paysage actuel des soins de sant\u00e9, explorera le pouvoir transformateur de l&#8217;intelligence artificielle (IA) pour r\u00e9volutionner la mani\u00e8re dont nous effectuons des diagnostics individualis\u00e9s, d\u00e9couvrons des th\u00e9rapies et cartographions le continuum sant\u00e9-maladie de la population gr\u00e2ce \u00e0 de futurs jumeaux citoyens, dans le but d&#8217;atteindre une sant\u00e9 unique.<\/p>\n<\/div><\/div>\n\n\n\n<p><strong>aiHealth2025<\/strong> propose trois sessions ax\u00e9es sur les applications de l&#8217;intelligence artificielle dans le domaine de la sant\u00e9 :<\/p>\n\n\n\n<ul class=\"wp-block-list\">\n<li>L&#8217;IA pour le diagnostic<\/li>\n\n\n\n<li>L&#8217;IA pour les th\u00e9rapies<\/li>\n\n\n\n<li>L&#8217;IA g\u00e9n\u00e9rative pour les jumeaux num\u00e9riques dans le domaine de la sant\u00e9<\/li>\n<\/ul>\n\n\n\n<p><strong>Partenaire pr\u00e9sent :<\/strong> Sarah Chouchene de ICube-UNISTRA pr\u00e9sentera un poster:  <strong><em>Reconstruction of 3D shapes from magnetic data for orthopedic orthoses using deep learning<\/em><\/strong><\/p>\n\n\n\n<hr class=\"wp-block-separator has-alpha-channel-opacity is-style-wide\"\/>\n\n\n\n<p class=\"has-medium-font-size\"><strong>Du 5 au 6 novembre 2025 \u00e0 Strasbourg, France<\/strong><\/p>\n\n\n\n<div class=\"wp-block-media-text is-stacked-on-mobile\" style=\"grid-template-columns:21% auto\"><figure class=\"wp-block-media-text__media\"><img loading=\"lazy\" decoding=\"async\" width=\"452\" height=\"653\" src=\"https:\/\/helpmewalk.eu\/wp-content\/uploads\/2025\/10\/uRAI-SYmposium-2025.png\" alt=\"\" class=\"wp-image-1101 size-full\" srcset=\"https:\/\/helpmewalk.eu\/wp-content\/uploads\/2025\/10\/uRAI-SYmposium-2025.png 452w, https:\/\/helpmewalk.eu\/wp-content\/uploads\/2025\/10\/uRAI-SYmposium-2025-208x300.png 208w\" sizes=\"(max-width: 452px) 100vw, 452px\" \/><\/figure><div class=\"wp-block-media-text__content\">\n<p class=\"has-medium-font-size\"><strong>Symposium URAI \u2013 L&#8217;intelligence artificielle dans la r\u00e9gion du Rhin sup\u00e9rieur<\/strong><\/p>\n\n\n\n<p>Chaque ann\u00e9e, TriRhenaTech organise le symposium URAI (Upper Rhine Artificial Intelligence Symposium), un \u00e9v\u00e9nement scientifique trinational consacr\u00e9 \u00e0 l&#8217;intelligence artificielle. Il se d\u00e9roule chaque ann\u00e9e dans un pays diff\u00e9rent, soulignant ainsi le caract\u00e8re transfrontalier de l&#8217;alliance.<\/p>\n\n\n\n<p class=\"has-medium-font-size\"><strong>Symposium Upper Rhine AI 2025 \u2013 \u00e0 Strasbourg<\/strong><\/p>\n\n\n\n<p>L&#8217;ESBS (\u00c9cole sup\u00e9rieure de biotechnologie de Strasbourg) et la TPS (\u00c9cole d&#8217;ing\u00e9nieurs T\u00e9l\u00e9com Physique) ont le plaisir de vous inviter \u00e0 cette 7e rencontre URAI.<br>Le th\u00e8me de cette \u00e9dition est :<br><em><strong>L&#8217;IA en m\u00e9decine et dans les soins de sant\u00e9 : de l&#8217;algorithme \u00e0 l&#8217;application clinique<\/strong><\/em><\/p>\n<\/div><\/div>\n\n\n\n<p><strong>Partenaires pr\u00e9sents :<\/strong> <br> # <strong>ICube-UNISTRA<\/strong>: Sarah Chouchene pr\u00e9sentera un poster: <strong>3D morphological reconstruction from magnetic<\/strong> <strong>data using deep learning.&nbsp;<\/strong><br> # <strong>HSKL<\/strong>: Fabien Wilhelm pr\u00e9sentera un poster: <strong>HelpMeWalk &#8211; A new digital process for orthoses production: Data processing, Workflow and Accuracy<\/strong>.<\/p>\n\n\n\n<hr class=\"wp-block-separator has-alpha-channel-opacity is-style-wide\"\/>\n\n\n\n<p class=\"has-medium-font-size\"><strong>Du 9 au 11 septembre 2025 \u00e0<\/strong> <strong>Muttenz<\/strong>, <strong>Suisse<\/strong><\/p>\n\n\n\n<p class=\"has-medium-font-size\"><strong>BMT \u2013 <\/strong>Joint Conference of the Swiss (SSBE), Austrian (\u00d6GBMT) and German (VDE DGBMT) Societies for Biomedical Engineering.<\/p>\n\n\n\n<div class=\"wp-block-media-text is-stacked-on-mobile\"><figure class=\"wp-block-media-text__media\"><img loading=\"lazy\" decoding=\"async\" width=\"1024\" height=\"207\" src=\"https:\/\/helpmewalk.eu\/wp-content\/uploads\/2025\/08\/BMT2025_Header_Folgeseite-1024x207.png\" alt=\"\" class=\"wp-image-979 size-full\" srcset=\"https:\/\/helpmewalk.eu\/wp-content\/uploads\/2025\/08\/BMT2025_Header_Folgeseite-1024x207.png 1024w, https:\/\/helpmewalk.eu\/wp-content\/uploads\/2025\/08\/BMT2025_Header_Folgeseite-300x61.png 300w, https:\/\/helpmewalk.eu\/wp-content\/uploads\/2025\/08\/BMT2025_Header_Folgeseite-768x155.png 768w, https:\/\/helpmewalk.eu\/wp-content\/uploads\/2025\/08\/BMT2025_Header_Folgeseite-1536x310.png 1536w, https:\/\/helpmewalk.eu\/wp-content\/uploads\/2025\/08\/BMT2025_Header_Folgeseite-2048x413.png 2048w\" sizes=\"(max-width: 1024px) 100vw, 1024px\" \/><\/figure><div class=\"wp-block-media-text__content\">\n<p>Cette conf\u00e9rence offre un aper\u00e7u approfondi des d\u00e9veloppements r\u00e9cents en g\u00e9nie biom\u00e9dical et constitue une plateforme d&#8217;\u00e9changes scientifiques.<\/p>\n<\/div><\/div>\n\n\n\n<p><strong>Partenaire pr\u00e9sent :<\/strong> Corentin F\u00e9ry de la FHNW pr\u00e9sentera un poster : <br>                                   &#8220;<strong>Wireless scanning textile replaces plaster molding for the design of ankle foot orthoses<\/strong>&#8220;<strong><br><\/strong><\/p>\n\n\n\n<hr class=\"wp-block-separator has-alpha-channel-opacity is-style-wide\"\/>\n\n\n\n<p class=\"has-medium-font-size\"><strong>Le 25 juin 2025 \u00e0 Kursaal Bern, Suisse<\/strong><\/p>\n\n\n\n<p>Le th\u00e8me principal pour la p\u00e9riode 2024-2026 est \u00ab Ma\u00eetriser la complexit\u00e9 \u00bb. Ce th\u00e8me aborde les \u00e9volutions dynamiques du monde ainsi que les d\u00e9fis auxquels l&#8217;industrie des technologies m\u00e9dicales est confront\u00e9e.<\/p>\n\n\n\n<div class=\"wp-block-media-text is-stacked-on-mobile\" style=\"grid-template-columns:15% auto\"><figure class=\"wp-block-media-text__media\"><a href=\"https:\/\/www.swiss-medtech.ch\/en\/swissmedtechday\"><img loading=\"lazy\" decoding=\"async\" width=\"146\" height=\"131\" src=\"http:\/\/helpmewalk.eu\/wp-content\/uploads\/2025\/05\/Swissmedtc-2025-logo.png\" alt=\"\" class=\"wp-image-719 size-full\"\/><\/a><\/figure><div class=\"wp-block-media-text__content\">\n<p>Le Swiss Medtech Day offre une plateforme pour discuter de ces d\u00e9fis. En partageant leurs exp\u00e9riences, leurs bonnes pratiques et des approches innovantes, les participants peuvent \u00e9laborer ensemble des strat\u00e9gies pour faire face \u00e0 la complexit\u00e9 et assurer la p\u00e9rennit\u00e9 de l&#8217;industrie.<\/p>\n<\/div><\/div>\n\n\n\n<p><strong>Partenaire pr\u00e9sent :<\/strong> FHNW<\/p>\n\n\n\n<hr class=\"wp-block-separator has-alpha-channel-opacity is-style-wide\"\/>\n\n\n\n<p class=\"has-medium-font-size\"><strong>Du 22 au 25 juin 2025 \u00e0 Paris, France<\/strong><\/p>\n\n\n\n<div class=\"wp-block-media-text is-stacked-on-mobile\" style=\"grid-template-columns:31% auto\"><figure class=\"wp-block-media-text__media\"><img decoding=\"async\" src=\"http:\/\/helpmewalk.eu\/wp-content\/uploads\/2025\/05\/cropped-NEWCAS-logo-302x100-1.png\" alt=\"L\u2019attribut alt de cette image est vide, son nom de fichier est cropped-NEWCAS-logo-302x100-1.png.\"\/><\/figure><div class=\"wp-block-media-text__content\">\n<p class=\"has-medium-font-size\"><mark><strong><mark style=\"background-color:#ffffff\" class=\"has-inline-color has-vivid-red-color\">23<sup>\u00e8me<\/sup> IEEE Conf\u00e9rence Internationale<\/mark><\/strong><\/mark><\/p>\n<\/div><\/div>\n\n\n\n<p>La mission de la conf\u00e9rence interr\u00e9gionale IEE NEWCAS (NEWCAS) est de stimuler les activit\u00e9s de recherche et de renforcer les interactions entre les chercheurs dans les domaines des circuits et syst\u00e8mes.<\/p>\n\n\n\n<p><strong>Partenaire pr\u00e9sent : <\/strong>Manon Labert (ICube-UNISTRA)<br><br>Une publication conjointe avec l&#8217;\u00e9quipe de la FHNW et BellwaldTec a \u00e9t\u00e9 accept\u00e9e et sera publi\u00e9e sur<strong> IEEE Xplore : Machine-learning algorithm applied to magnetic localization<\/strong>.<br><\/p>\n\n\n\n<hr class=\"wp-block-separator has-alpha-channel-opacity is-style-wide\"\/>\n\n\n\n<p class=\"has-medium-font-size\"><strong><strong>Du 16 au 19 juin 2025 \u00e0 Stockholm, Su\u00e8de<\/strong><\/strong><\/p>\n\n\n\n<div class=\"wp-block-media-text is-stacked-on-mobile\" style=\"grid-template-columns:29% auto\"><figure class=\"wp-block-media-text__media\"><img loading=\"lazy\" decoding=\"async\" width=\"1024\" height=\"315\" src=\"https:\/\/helpmewalk.eu\/wp-content\/uploads\/2025\/06\/ispo-logo-1024x315.png\" alt=\"\" class=\"wp-image-816 size-full\" srcset=\"https:\/\/helpmewalk.eu\/wp-content\/uploads\/2025\/06\/ispo-logo-1024x315.png 1024w, https:\/\/helpmewalk.eu\/wp-content\/uploads\/2025\/06\/ispo-logo-300x92.png 300w, https:\/\/helpmewalk.eu\/wp-content\/uploads\/2025\/06\/ispo-logo-768x237.png 768w, https:\/\/helpmewalk.eu\/wp-content\/uploads\/2025\/06\/ispo-logo-1536x473.png 1536w, https:\/\/helpmewalk.eu\/wp-content\/uploads\/2025\/06\/ispo-logo-2048x631.png 2048w\" sizes=\"(max-width: 1024px) 100vw, 1024px\" \/><\/figure><div class=\"wp-block-media-text__content\">\n<p>La <strong>Soci\u00e9t\u00e9 Internationale de Proth\u00e8ses et Orth\u00e8ses (ISPO<\/strong>) invite les professionnels impliqu\u00e9s dans l\u2019accompagnement des personnes n\u00e9cessitant des proth\u00e8ses, orth\u00e8ses, aides \u00e0 la mobilit\u00e9 et dispositifs d\u2019assistance \u00e0 participer \u00e0 son \u00e9v\u00e9nement phare unique et interactif, le Congr\u00e8s mondial ISPO.<\/p>\n<\/div><\/div>\n\n\n\n<p>Cette ann\u00e9e, le th\u00e8me de l\u2019\u00e9v\u00e9nement sera : <strong>\u00ab Science en pratique, pratique en science : collaboration et innovation pour une r\u00e9habilitation durable \u00bb<\/strong>.<\/p>\n\n\n\n<p><strong>Partenaire pr\u00e9sent :<\/strong> FHNW<br>La FHNW pr\u00e9sentera le dernier prototype pour la conception plus rapide d&#8217;orth\u00e8ses et de proth\u00e8ses sur mesure.<\/p>\n\n\n\n<hr class=\"wp-block-separator has-alpha-channel-opacity is-style-wide\"\/>\n\n\n\n<p class=\"has-medium-font-size\" id=\"block-0dddf489-1375-4584-b982-0242f670da17\"><strong><strong>Du 11 au 14 juin 2025 \u00e0 Paris, France<\/strong><\/strong><\/p>\n\n\n<div class=\"wp-block-image\">\n<figure class=\"alignleft size-full is-resized\"><img loading=\"lazy\" decoding=\"async\" width=\"238\" height=\"85\" src=\"https:\/\/helpmewalk.eu\/wp-content\/uploads\/2025\/06\/image.png\" alt=\"\" class=\"wp-image-805\" style=\"width:274px;height:auto\"\/><\/figure>\n<\/div>\n\n\n<p id=\"block-0dddf489-1375-4584-b982-0242f670da17\"><br><br>Paris accueillera la 9\u00e8me \u00e9dition de VivaTech, plus grand \u00e9v\u00e9nement startup et tech d\u2019Europe. <br> <\/p>\n\n\n\n<p id=\"block-0dddf489-1375-4584-b982-0242f670da17\">Cette \u00e9dition 2025 explorera les nouvelles fronti\u00e8res de l&#8217;innovation, tant sur le plan technologique, qu&#8217;\u00e9conomique, g\u00e9opolitique, soci\u00e9tal et environnemental. L\u2019\u00e9v\u00e9nement r\u00e9unira le meilleur des speakers, startups, secteurs priv\u00e9 et public pour examiner les avanc\u00e9es technologiques.VivaTech explore les nouvelles fronti\u00e8res de l&#8217;innovation du 11 au 14 juin.<br><br><strong>Partenaire pr\u00e9sent :<\/strong> FHNW<br>La FHNW pr\u00e9sentera le dernier prototype pour la conception plus rapide d&#8217;orth\u00e8ses et de proth\u00e8ses sur mesure.<\/p>\n\n\n\n<hr class=\"wp-block-separator has-alpha-channel-opacity is-style-wide\"\/>\n\n\n\n<p class=\"has-medium-font-size\" id=\"block-0dddf489-1375-4584-b982-0242f670da17\"><strong>Du 13 au 15 mai 2025 \u00e0 Erfurt, Allemagne<\/strong><\/p>\n\n\n\n<figure class=\"wp-block-image size-full is-resized\"><a href=\"https:\/\/www.rapidtech-3d.de\/en\"><img loading=\"lazy\" decoding=\"async\" width=\"556\" height=\"105\" src=\"https:\/\/helpmewalk.eu\/wp-content\/uploads\/2025\/01\/rt3d_logo_rgb_mit_subline-1.png\" alt=\"\" class=\"wp-image-387\" style=\"width:398px;height:auto\" srcset=\"https:\/\/helpmewalk.eu\/wp-content\/uploads\/2025\/01\/rt3d_logo_rgb_mit_subline-1.png 556w, https:\/\/helpmewalk.eu\/wp-content\/uploads\/2025\/01\/rt3d_logo_rgb_mit_subline-1-300x57.png 300w\" sizes=\"(max-width: 556px) 100vw, 556px\" \/><\/a><\/figure>\n\n\n\n<p><strong><br><\/strong>La 21e rapid.tech 3D 2025 sera ax\u00e9e sur les applications pratiques, les technologies innovantes et les tendances AM d&#8217;avenir.<\/p>\n\n\n\n<p><strong>Partenaire pr\u00e9sent :<\/strong> FHNW<br>La FHNW pr\u00e9sentera le dernier prototype du consortium sur son stand et montrera ainsi aux personnes pr\u00e9sentes une conception plus rapide d&#8217;orth\u00e8ses et de proth\u00e8ses sur mesure.<\/p>\n\n\n\n<hr class=\"wp-block-separator has-alpha-channel-opacity is-style-wide\"\/>\n\n\n\n<p class=\"has-medium-font-size\"><strong>Du 8 au 10 avril 2025 \u00e0 Berlin, Allemagne<\/strong><\/p>\n\n\n\n<p class=\"has-vivid-cyan-blue-color has-text-color has-link-color has-medium-font-size wp-elements-f71186f79fc702c4a60d3ce4a6a72630\"><strong><a href=\"https:\/\/www.dmea.de\/en\/about\/dmea\">DMEA<\/a> &#8211; Conf\u00e9rence et salon sur la sant\u00e9 num\u00e9rique les plus importants d&#8217;Europe<\/strong><\/p>\n\n\n\n<p>Le DMEA est l&#8217;un des \u00e9v\u00e9nements les plus importants d&#8217;Europe dans le domaine de la sant\u00e9 num\u00e9rique. Des experts de l&#8217;industrie de la sant\u00e9 num\u00e9rique se rencontreront \u00e0 Berlin \u00e0 cette occasion.<\/p>\n\n\n\n<p>En plus d&#8217;une vue d&#8217;ensemble du secteur, le DMEA offre \u00e0 tous les acteurs un large \u00e9ventail d&#8217;opportunit\u00e9s pour des \u00e9changes approfondis, un d\u00e9veloppement de r\u00e9seaux sp\u00e9cifiques et l&#8217;acquisition de nouveaux clients.<\/p>\n\n\n\n<p><strong>Partenaire pr\u00e9sent :<\/strong> HS-KL<\/p>\n\n\n\n<div style=\"height:29px\" aria-hidden=\"true\" class=\"wp-block-spacer\"><\/div>\n\n\n\n<hr class=\"wp-block-separator has-alpha-channel-opacity is-style-wide\"\/>\n\n\n\n<p class=\"has-medium-font-size\"><strong>Du 7 au 9 mars 2025 \u00e0 Strasbourg, France<\/strong><\/p>\n\n\n\n<div class=\"wp-block-media-text is-stacked-on-mobile\" style=\"grid-template-columns:31% auto\"><figure class=\"wp-block-media-text__media\"><a href=\"https:\/\/www.helloasso.com\/associations\/east-games\/evenements\/scientific-game-jam-2024-strasbourg\"><img loading=\"lazy\" decoding=\"async\" width=\"300\" height=\"86\" src=\"https:\/\/helpmewalk.eu\/wp-content\/uploads\/2025\/01\/SGM-Strasbourg-1.png\" alt=\"\" class=\"wp-image-384 size-full\"\/><\/a><\/figure><div class=\"wp-block-media-text__content\">\n<p><br>La <strong>Scientific Game Jam<\/strong> est un \u00e9v\u00e9nement international qui rassemble des scientifiques et des d\u00e9veloppeurs de jeux vid\u00e9o pour cr\u00e9er un jeu en 48h, sur la base d&#8217;un sujet de recherche.<br><br>Partenaire participant : Manon Lambert (doctorante ICube-UNISTRA), participera \u00e0 l\u2019\u00e9v\u00e9nement, pour cr\u00e9er un jeu bas\u00e9 sur le sujet de son projet de doctorat.<\/p>\n<\/div><\/div>\n\n\n\n<hr class=\"wp-block-separator has-alpha-channel-opacity is-style-wide\"\/>\n\n\n\n<p class=\"has-medium-font-size\"><strong>Du 12 au 14 f\u00e9vrier \u00e0 <strong>Montr\u00e9al<\/strong>, Canada<\/strong><\/p>\n\n\n\n<p class=\"has-vivid-cyan-blue-color has-text-color has-link-color has-medium-font-size wp-elements-f8e3d03538ebdea17464532535e65a6f\"><a href=\"https:\/\/sites.google.com\/view\/fetch2025\/accueil\">FETCH<\/a> &#8211; \u00c9cole d&#8217;hiver Francophone sur les Technologies de Conception des Syst\u00e8mes Embarqu\u00e9s H\u00e9t\u00e9rog\u00e8nes<\/p>\n\n\n\n<p>La ma\u00eetrise de l&#8217;h\u00e9t\u00e9rog\u00e9n\u00e9it\u00e9 des syst\u00e8mes embarqu\u00e9s par des technologies de conception efficaces est un d\u00e9fi incontournable pour les ann\u00e9es \u00e0 venir. Pour suivre et anticiper l&#8217;\u00e9mergence de nouvelles techniques de mod\u00e9lisation, de validation et de synth\u00e8se de ces syst\u00e8mes, <strong>FETCH 2025<\/strong> vise \u00e0 r\u00e9unir et \u00e0 croiser les expertises portant sur ces diverses facettes. C&#8217;est un \u00e9v\u00e9nement annuel unique en son genre pour scientifiques et professionnels souhaitant partager et \u00e9changer les connaissances les plus r\u00e9centes dans ces domaines.&nbsp;<\/p>\n\n\n\n<p><strong>Partenaire pr\u00e9sent <\/strong>: Morgan Madec (ICube-UNISTRA)<\/p>\n\n\n\n<hr class=\"wp-block-separator has-alpha-channel-opacity is-style-wide\"\/>\n\n\n\n<p><br><\/p>\n","protected":false},"excerpt":{"rendered":"<p>Agenda des prochains \u00e9v\u00e9nements auxquels les membres du consortium participeront&nbsp;: Le 29 mai 2026, \u00e0 Furtwangen, en Allemagne HFU : Le congr\u00e8s de la sant\u00e9 2026 La sant\u00e9 pour TOUS ! Des strat\u00e9gies efficaces gr\u00e2ce \u00e0 une sant\u00e9 personnalis\u00e9e.La HFU<\/p>\n","protected":false},"author":3,"featured_media":0,"parent":0,"menu_order":0,"comment_status":"closed","ping_status":"closed","template":"","meta":{"footnotes":""},"class_list":["post-380","page","type-page","status-publish","hentry"],"_links":{"self":[{"href":"https:\/\/helpmewalk.eu\/index.php\/wp-json\/wp\/v2\/pages\/380","targetHints":{"allow":["GET"]}}],"collection":[{"href":"https:\/\/helpmewalk.eu\/index.php\/wp-json\/wp\/v2\/pages"}],"about":[{"href":"https:\/\/helpmewalk.eu\/index.php\/wp-json\/wp\/v2\/types\/page"}],"author":[{"embeddable":true,"href":"https:\/\/helpmewalk.eu\/index.php\/wp-json\/wp\/v2\/users\/3"}],"replies":[{"embeddable":true,"href":"https:\/\/helpmewalk.eu\/index.php\/wp-json\/wp\/v2\/comments?post=380"}],"version-history":[{"count":77,"href":"https:\/\/helpmewalk.eu\/index.php\/wp-json\/wp\/v2\/pages\/380\/revisions"}],"predecessor-version":[{"id":1384,"href":"https:\/\/helpmewalk.eu\/index.php\/wp-json\/wp\/v2\/pages\/380\/revisions\/1384"}],"wp:attachment":[{"href":"https:\/\/helpmewalk.eu\/index.php\/wp-json\/wp\/v2\/media?parent=380"}],"curies":[{"name":"wp","href":"https:\/\/api.w.org\/{rel}","templated":true}]}}