{"id":391,"date":"2025-01-22T14:43:42","date_gmt":"2025-01-22T13:43:42","guid":{"rendered":"https:\/\/helpmewalk.eu\/?page_id=391"},"modified":"2026-02-10T09:36:47","modified_gmt":"2026-02-10T08:36:47","slug":"where-to-find-us","status":"publish","type":"page","link":"https:\/\/helpmewalk.eu\/index.php\/en\/where-to-find-us\/","title":{"rendered":"Where to meet us"},"content":{"rendered":"\n<p>Agenda of forthcoming events at which members of the consortium will be taking part:<br><\/p>\n\n\n\n<hr class=\"wp-block-separator has-alpha-channel-opacity is-style-wide\"\/>\n\n\n\n<p class=\"has-medium-font-size\"><strong><strong>The 29th May 2026, <strong><strong><strong>in Furtwangen<\/strong><\/strong><\/strong>, <strong>Germany<\/strong><\/strong><\/strong><\/p>\n\n\n\n<p class=\"has-medium-font-size\"><strong>HFU The Health Congress 2026 <\/strong><br><\/p>\n\n\n\n<div class=\"wp-block-media-text is-stacked-on-mobile\" style=\"grid-template-columns:39% auto\"><figure class=\"wp-block-media-text__media\"><img fetchpriority=\"high\" decoding=\"async\" width=\"503\" height=\"259\" src=\"https:\/\/helpmewalk.eu\/wp-content\/uploads\/2026\/02\/HFUGesundheitskongress2026_HelpMeWalk.png\" alt=\"\" class=\"wp-image-1376 size-full\" srcset=\"https:\/\/helpmewalk.eu\/wp-content\/uploads\/2026\/02\/HFUGesundheitskongress2026_HelpMeWalk.png 503w, https:\/\/helpmewalk.eu\/wp-content\/uploads\/2026\/02\/HFUGesundheitskongress2026_HelpMeWalk-300x154.png 300w\" sizes=\"(max-width: 503px) 100vw, 503px\" \/><\/figure><div class=\"wp-block-media-text__content\">\n<p class=\"has-medium-font-size\"><strong>Health for ALL!<\/strong><br><strong>Successful strategies through personalized health.<\/strong><\/p>\n\n\n\n<p>HFU and the health network organise the health congress together with the university&#8217;s support association and the City of Furtwangen. Each year, the congress is dedicated to health-related and socially relevant topics and challenges<\/p>\n<\/div><\/div>\n\n\n\n<p><strong><strong><strong><strong><strong><strong>Partner attending the event<\/strong><\/strong><\/strong><\/strong><\/strong><\/strong>: Nicolas Pfaff from FHU will present a poster with results from their work on <strong>Washable encapsulation of flexible printed circuit boards<\/strong><\/p>\n\n\n\n<hr class=\"wp-block-separator has-alpha-channel-opacity is-style-wide\"\/>\n\n\n\n<p class=\"has-medium-font-size\"><strong><strong><strong>From<\/strong><\/strong><\/strong> <strong><strong>19 to 20 Mai 2026 <strong>i<\/strong>n <strong><strong>Baden-Baden<\/strong><\/strong>, <strong>Germany<\/strong><\/strong><\/strong><\/p>\n\n\n\n<p class=\"has-medium-font-size\"><strong>microTEC Cluster Conference 2026<\/strong><\/p>\n\n\n\n<p>Our annual networking event brings together experts from industry, research and politics \u2013 offering new perspectives, the latest technology trends and plenty of opportunities for exchange.<\/p>\n\n\n\n<figure class=\"wp-block-image size-large\"><img decoding=\"async\" width=\"1024\" height=\"152\" src=\"https:\/\/helpmewalk.eu\/wp-content\/uploads\/2026\/02\/image-2-1024x152.png\" alt=\"\" class=\"wp-image-1381\" srcset=\"https:\/\/helpmewalk.eu\/wp-content\/uploads\/2026\/02\/image-2-1024x152.png 1024w, https:\/\/helpmewalk.eu\/wp-content\/uploads\/2026\/02\/image-2-300x44.png 300w, https:\/\/helpmewalk.eu\/wp-content\/uploads\/2026\/02\/image-2-768x114.png 768w, https:\/\/helpmewalk.eu\/wp-content\/uploads\/2026\/02\/image-2.png 1126w\" sizes=\"(max-width: 1024px) 100vw, 1024px\" \/><\/figure>\n\n\n\n<p><strong><strong><strong><strong><strong><strong>Partner attending the event<\/strong><\/strong><\/strong><\/strong><\/strong><\/strong>: Nicolas Pfaff from HFU will give a presentation : <strong>Washable encapsulation of flexible printed circuit boards as part of the HelpMeWalk project.<\/strong><\/p>\n\n\n\n<hr class=\"wp-block-separator has-alpha-channel-opacity is-style-wide\"\/>\n\n\n\n<p class=\"has-text-align-left has-medium-font-size\"><strong>The 14th November 2025 at Strasbourg, France<\/strong><\/p>\n\n\n\n<div class=\"wp-block-media-text is-stacked-on-mobile\" style=\"grid-template-columns:20% auto\"><figure class=\"wp-block-media-text__media\"><img decoding=\"async\" width=\"950\" height=\"950\" src=\"https:\/\/helpmewalk.eu\/wp-content\/uploads\/2025\/11\/Logo_FMTS-csm_2019-12-04.jpg\" alt=\"\" class=\"wp-image-1164 size-full\" srcset=\"https:\/\/helpmewalk.eu\/wp-content\/uploads\/2025\/11\/Logo_FMTS-csm_2019-12-04.jpg 950w, https:\/\/helpmewalk.eu\/wp-content\/uploads\/2025\/11\/Logo_FMTS-csm_2019-12-04-300x300.jpg 300w, https:\/\/helpmewalk.eu\/wp-content\/uploads\/2025\/11\/Logo_FMTS-csm_2019-12-04-150x150.jpg 150w, https:\/\/helpmewalk.eu\/wp-content\/uploads\/2025\/11\/Logo_FMTS-csm_2019-12-04-768x768.jpg 768w, https:\/\/helpmewalk.eu\/wp-content\/uploads\/2025\/11\/Logo_FMTS-csm_2019-12-04-270x270.jpg 270w, https:\/\/helpmewalk.eu\/wp-content\/uploads\/2025\/11\/Logo_FMTS-csm_2019-12-04-230x230.jpg 230w\" sizes=\"(max-width: 950px) 100vw, 950px\" \/><\/figure><div class=\"wp-block-media-text__content\">\n<p class=\"has-medium-font-size\"><strong>HealthTech Day with the Strasbourg Federation of Translational Medicine <\/strong><\/p>\n\n\n\n<p>The day will include guest seminars from Dr. Emeline Ribot, CR CNRS, CRMSB Bordeaux and Professor Nassir Navab, Technische Universit\u00e4t M\u00fcnchen. <br>There will be also presentations from HealthTech researchers and PhD students, as well as a PhD poster session.<\/p>\n<\/div><\/div>\n\n\n\n<p class=\"has-text-align-left\"><strong><strong><strong><strong><strong>Partner attending the event<\/strong><\/strong><\/strong> <\/strong> :<\/strong> Manon Lambert de ICube-UNISTRA will present a poster: <strong>HelpMeWalk : A magnetic system for custom foot orthosis design.<\/strong><\/p>\n\n\n\n<hr class=\"wp-block-separator has-alpha-channel-opacity is-style-wide\"\/>\n\n\n\n<p class=\"has-medium-font-size\"><strong>From 13 to 14 November 2025 in Lyon, France<\/strong><\/p>\n\n\n\n<div class=\"wp-block-media-text is-stacked-on-mobile\" style=\"grid-template-columns:27% auto\"><figure class=\"wp-block-media-text__media\"><a href=\"https:\/\/ispo-france.com\/\"><img loading=\"lazy\" decoding=\"async\" width=\"192\" height=\"60\" src=\"http:\/\/helpmewalk.eu\/wp-content\/uploads\/2025\/08\/ispo-FR_logo_1-1.jpg\" alt=\"\" class=\"wp-image-945 size-full\"\/><\/a><\/figure><div class=\"wp-block-media-text__content\">\n<p class=\"has-medium-font-size\"><strong>Prosthetics, orthotics, foot orthotics, rehabilitation<\/strong><\/p>\n\n\n\n<p>Every year, ISPO-France organises a scientific conference bringing together all professionals working in the field of external orthopaedics and rehabilitation.<\/p>\n<\/div><\/div>\n\n\n\n<p><strong><strong><strong><strong>Partner attending the event<\/strong><\/strong><\/strong> :<\/strong> FHNW<\/p>\n\n\n\n<hr class=\"wp-block-separator has-alpha-channel-opacity is-style-wide\"\/>\n\n\n\n<p class=\"has-medium-font-size\"><strong>From 10 to 11 November 2025 <strong>in Muttenz<\/strong>, <strong>Switzerland<\/strong><\/strong><\/p>\n\n\n\n<div class=\"wp-block-media-text is-stacked-on-mobile\" style=\"grid-template-columns:31% auto\"><figure class=\"wp-block-media-text__media\"><img loading=\"lazy\" decoding=\"async\" width=\"673\" height=\"274\" src=\"http:\/\/helpmewalk.eu\/wp-content\/uploads\/2025\/10\/AI-Health-logo-white2.png\" alt=\"\" class=\"wp-image-1078 size-full\" srcset=\"https:\/\/helpmewalk.eu\/wp-content\/uploads\/2025\/10\/AI-Health-logo-white2.png 673w, https:\/\/helpmewalk.eu\/wp-content\/uploads\/2025\/10\/AI-Health-logo-white2-300x122.png 300w\" sizes=\"(max-width: 673px) 100vw, 673px\" \/><\/figure><div class=\"wp-block-media-text__content\">\n<p><strong>The 2nd International Annual Conference on Artificial Intelligence in Health (aiHealth2025)<\/strong> will take place&nbsp;<strong>10-11 November 2025<\/strong> at the&nbsp;<strong>University of Applied Sciences and Arts Northwestern Switzerland FHNW (Muttenz)&nbsp;<\/strong>in&nbsp;<strong>Basel, Switzerland.<\/strong><\/p>\n\n\n\n<p>Health 2025 will focus on today\u2019s healthcare landscape, explore the transformative power of artificial intelligence (AI) in revolutionizing the way we perform individualized diagnostics, discover therapeutics and map the population health-disease continuum through future citizen twins towards one health.<\/p>\n<\/div><\/div>\n\n\n\n<p><strong>aiHealth2025 <\/strong>offers three sessions focused on the applications of artificial intelligence in health:<\/p>\n\n\n\n<ul class=\"wp-block-list\">\n<li>AI for diagnostics<\/li>\n\n\n\n<li>AI for therapeutics<\/li>\n\n\n\n<li>Generative AI for digital twins in healthcare<\/li>\n<\/ul>\n\n\n\n<p><strong><strong><strong><strong>Partner attending the event<\/strong><\/strong><\/strong> :<\/strong> Sarah Chouchene (ICube-UNISTRA) will present a poster: <strong><em>Reconstruction of 3D shapes from magnetic data for orthopedic orthoses using deep learning<\/em><\/strong><\/p>\n\n\n\n<hr class=\"wp-block-separator has-alpha-channel-opacity is-style-wide\"\/>\n\n\n\n<p class=\"has-medium-font-size\"><strong><strong>From 5 to 6 November 2025<\/strong> at <strong>Strasbourg<\/strong>, <strong><strong>France<\/strong><\/strong><\/strong><\/p>\n\n\n\n<div class=\"wp-block-media-text is-stacked-on-mobile\" style=\"grid-template-columns:27% auto\"><figure class=\"wp-block-media-text__media\"><img loading=\"lazy\" decoding=\"async\" width=\"452\" height=\"653\" src=\"https:\/\/helpmewalk.eu\/wp-content\/uploads\/2025\/10\/uRAI-SYmposium-2025.png\" alt=\"\" class=\"wp-image-1101 size-full\" srcset=\"https:\/\/helpmewalk.eu\/wp-content\/uploads\/2025\/10\/uRAI-SYmposium-2025.png 452w, https:\/\/helpmewalk.eu\/wp-content\/uploads\/2025\/10\/uRAI-SYmposium-2025-208x300.png 208w\" sizes=\"(max-width: 452px) 100vw, 452px\" \/><\/figure><div class=\"wp-block-media-text__content\">\n<p class=\"has-medium-font-size\"><strong>URAI Symposium \u2013 Artificial Intelligence in the Upper Rhine Region<\/strong><\/p>\n\n\n\n<p>Every year, TriRhenaTech organises the URAI Symposium (Upper Rhine Artificial Intelligence Symposium), a tri-national scientific event dedicated to artificial intelligence. It takes place in a different country each year, thus underlining the cross-border nature of the alliance.<\/p>\n\n\n\n<p class=\"has-medium-font-size\"><strong>Upper Rhine AI Symposium 2025 \u2013 in Strasbourg<\/strong><\/p>\n\n\n\n<p>The ESBS (\u00c9cole sup\u00e9rieure de biotechnologie de Strasbourg) and the TPS (\u00c9cole d\u2019ing\u00e9nieurs T\u00e9l\u00e9com Physique) are pleased to invite you to this 7th URAI meeting.<br>The theme of this edition is: <strong>AI in Medicine &amp; Healthcare: from algorithm to clinical application<\/strong><\/p>\n<\/div><\/div>\n\n\n\n<p><strong><strong><strong><strong>Partners attending the event<\/strong><\/strong><\/strong> :<\/strong> <br> # <strong>ICube-UNISTRA<\/strong> &#8211; Sarah Chouchene will present a poster:  <em><strong>3D morphological reconstruction from magnetic<\/strong> <strong>data using deep learning.&nbsp;<\/strong><\/em>: <strong>3D morphological reconstruction from magnetic<\/strong> <strong>data using deep learning.&nbsp;<\/strong><br> # <strong>HSKL<\/strong> &#8211; Fabien Wilhelm will present a poster:  <strong>HelpMeWalk &#8211; A new digital process for orthoses production: Data processing, Workflow and Accuracy<\/strong>.<\/p>\n\n\n\n<hr class=\"wp-block-separator has-alpha-channel-opacity is-style-wide\"\/>\n\n\n\n<p class=\"has-medium-font-size\"><strong>From<\/strong> <strong>9 to 11 September 2025 in Muttenz<\/strong>, <strong>Switzerland<\/strong><\/p>\n\n\n\n<p class=\"has-medium-font-size\"><strong>BMT \u2013 <\/strong>Joint Conference of the Swiss (SSBE), Austrian (\u00d6GBMT) and German (VDE DGBMT) Societies for Biomedical Engineering.<\/p>\n\n\n\n<div class=\"wp-block-media-text is-stacked-on-mobile\"><figure class=\"wp-block-media-text__media\"><img loading=\"lazy\" decoding=\"async\" width=\"1024\" height=\"207\" src=\"https:\/\/helpmewalk.eu\/wp-content\/uploads\/2025\/08\/BMT2025_Header_Folgeseite-1024x207.png\" alt=\"\" class=\"wp-image-979 size-full\" srcset=\"https:\/\/helpmewalk.eu\/wp-content\/uploads\/2025\/08\/BMT2025_Header_Folgeseite-1024x207.png 1024w, https:\/\/helpmewalk.eu\/wp-content\/uploads\/2025\/08\/BMT2025_Header_Folgeseite-300x61.png 300w, https:\/\/helpmewalk.eu\/wp-content\/uploads\/2025\/08\/BMT2025_Header_Folgeseite-768x155.png 768w, https:\/\/helpmewalk.eu\/wp-content\/uploads\/2025\/08\/BMT2025_Header_Folgeseite-1536x310.png 1536w, https:\/\/helpmewalk.eu\/wp-content\/uploads\/2025\/08\/BMT2025_Header_Folgeseite-2048x413.png 2048w\" sizes=\"(max-width: 1024px) 100vw, 1024px\" \/><\/figure><div class=\"wp-block-media-text__content\">\n<p>This conference offers deep insights into recent developments in biomedical engineering and provides a platform for scientific exchange.<\/p>\n<\/div><\/div>\n\n\n\n<p><strong><strong><strong><strong><strong>Partner attending the event<\/strong><\/strong><\/strong><\/strong> :<\/strong> Corentin F\u00e9ry from the FHNW will present a poster: <br>                                                   &#8220;<em>Wireless scanning textile replaces plaster molding for the design of ankle foot orthoses<\/em>&#8220;<\/p>\n\n\n\n<hr class=\"wp-block-separator has-alpha-channel-opacity is-style-wide\"\/>\n\n\n\n<p class=\"has-medium-font-size\"><strong>The 25<sup>th<\/sup> June 2025 at Kursaal Bern, Switzerland<\/strong><\/p>\n\n\n\n<p>The overarching theme for 2024-2026 is Mastering Complexity. This theme addresses the dynamic changes in the world and the challenges faced by the medical technology industry.<\/p>\n\n\n\n<div class=\"wp-block-media-text is-stacked-on-mobile\" style=\"grid-template-columns:15% auto\"><figure class=\"wp-block-media-text__media\"><a href=\"https:\/\/www.swiss-medtech.ch\/en\/swissmedtechday\"><img loading=\"lazy\" decoding=\"async\" width=\"146\" height=\"131\" src=\"http:\/\/helpmewalk.eu\/wp-content\/uploads\/2025\/05\/Swissmedtc-2025-logo.png\" alt=\"\" class=\"wp-image-719 size-full\"\/><\/a><\/figure><div class=\"wp-block-media-text__content\">\n<p>The Swiss Medtech Day provides a platform for discussing these challenges. By sharing experiences, best practices, and innovative approaches, participants can collaboratively devise strategies to navigate complexity and ensure the industry&#8217;s future viability.<\/p>\n<\/div><\/div>\n\n\n\n<p><strong><strong><strong>Partner attending the event<\/strong> <\/strong>:<\/strong> FHNW<\/p>\n\n\n\n<hr class=\"wp-block-separator has-alpha-channel-opacity is-style-wide\"\/>\n\n\n\n<p class=\"has-medium-font-size\"><strong>From 22 to 25 June 2025 in Paris, France<\/strong><\/p>\n\n\n\n<div class=\"wp-block-media-text is-stacked-on-mobile\" style=\"grid-template-columns:33% auto\"><figure class=\"wp-block-media-text__media\"><img decoding=\"async\" src=\"http:\/\/helpmewalk.eu\/wp-content\/uploads\/2025\/05\/cropped-NEWCAS-logo-302x100-1.png\" alt=\"L\u2019attribut alt de cette image est vide, son nom de fichier est cropped-NEWCAS-logo-302x100-1.png.\"\/><\/figure><div class=\"wp-block-media-text__content\">\n<p class=\"has-medium-font-size\"><mark><strong><mark style=\"background-color:#ffffff\" class=\"has-inline-color has-vivid-red-color\">  23<sup>rd<\/sup><\/mark><\/strong><\/mark><mark style=\"background-color:rgba(0, 0, 0, 0)\" class=\"has-inline-color has-vivid-red-color\"><strong> IEEE International NEWCAS ConfereNce<\/strong><\/mark><\/p>\n<\/div><\/div>\n\n\n\n<h2 class=\"wp-block-heading\"><mark><strong><mark style=\"background-color:#ffffff\" class=\"has-inline-color has-vivid-red-color\">    <\/mark><\/strong><\/mark><\/h2>\n\n\n\n<p>The mission of the<strong> IEEE Interregional NEWCAS Conference<\/strong> (NEWCAS) is to stimulate research activities and enhance interaction between researchers in the fields of circuits and systems.<\/p>\n\n\n\n<p><strong><strong>Partner attending the event<\/strong> : <\/strong>Morgan Madec et Manon Lambert (ICube-UNISTRA)<br><br>A paper was accepted and will be published in IEEE Xplore : Machine-learning algorithm applied to magnetic localization.<\/p>\n\n\n\n<hr class=\"wp-block-separator has-alpha-channel-opacity is-style-wide\"\/>\n\n\n\n<p class=\"has-medium-font-size\"><strong><strong><strong>From 16 to 19 June<\/strong> in Stockholm, Sweden<\/strong><\/strong><\/p>\n\n\n\n<div class=\"wp-block-media-text is-stacked-on-mobile\" style=\"grid-template-columns:29% auto\"><figure class=\"wp-block-media-text__media\"><img loading=\"lazy\" decoding=\"async\" width=\"1024\" height=\"315\" src=\"https:\/\/helpmewalk.eu\/wp-content\/uploads\/2025\/06\/ispo-logo-1024x315.png\" alt=\"\" class=\"wp-image-816 size-full\" srcset=\"https:\/\/helpmewalk.eu\/wp-content\/uploads\/2025\/06\/ispo-logo-1024x315.png 1024w, https:\/\/helpmewalk.eu\/wp-content\/uploads\/2025\/06\/ispo-logo-300x92.png 300w, https:\/\/helpmewalk.eu\/wp-content\/uploads\/2025\/06\/ispo-logo-768x237.png 768w, https:\/\/helpmewalk.eu\/wp-content\/uploads\/2025\/06\/ispo-logo-1536x473.png 1536w, https:\/\/helpmewalk.eu\/wp-content\/uploads\/2025\/06\/ispo-logo-2048x631.png 2048w\" sizes=\"(max-width: 1024px) 100vw, 1024px\" \/><\/figure><div class=\"wp-block-media-text__content\">\n<p>the International Society for Prosthetics and Orthotics (ISPO) invites professionals involved in the support of persons in need of prosthetic, orthotic, mobility, and assistive devices to its unique and interactive flagship meeting, the I.S.P.O. World Congress.<\/p>\n<\/div><\/div>\n\n\n\n<p>This yer the event theme will be <strong><em>Science in Practice, Practice in Science: Collaboration and innovation towards sustainable rehabilitation<\/em>.<\/strong><\/p>\n\n\n\n<p><strong><strong><strong>Partner attending the event<\/strong><\/strong> :<\/strong> FHNW<br>The FHNW will present the latest prototype, highlighting a faster design of custom-made orthoses and prostheses to the attendees.<\/p>\n\n\n\n<hr class=\"wp-block-separator has-alpha-channel-opacity is-style-wide\"\/>\n\n\n\n<p class=\"has-medium-font-size\" id=\"block-0dddf489-1375-4584-b982-0242f670da17\"><strong><strong><strong>From 11 to 14 June in <\/strong>Paris, France<\/strong><\/strong><\/p>\n\n\n<div class=\"wp-block-image\">\n<figure class=\"alignleft size-full is-resized\"><img loading=\"lazy\" decoding=\"async\" width=\"238\" height=\"85\" src=\"https:\/\/helpmewalk.eu\/wp-content\/uploads\/2025\/06\/image.png\" alt=\"\" class=\"wp-image-805\" style=\"width:274px;height:auto\"\/><\/figure>\n<\/div>\n\n\n<p id=\"block-0dddf489-1375-4584-b982-0242f670da17\"><br>Paris will host the 9th edition of VivaTech, Europe&#8217;s largest startup and tech event. <br> <\/p>\n\n\n\n<p id=\"block-0dddf489-1375-4584-b982-0242f670da17\">This 2025 edition will explore the new frontiers of innovation not only in terms of technology, but also from the economic, geopolitical, societal and environmental perspectives. The event will bring together the best speakers, startups, and thought leaders from the private and public sectors to examine a vast array of tech-driven breakthroughs and developments.<\/p>\n\n\n\n<p id=\"block-0dddf489-1375-4584-b982-0242f670da17\"><br><strong><strong><strong>Partner attending the event<\/strong><\/strong> :<\/strong> FHNW<br>The FHNW will present the latest prototype, highlighting a faster design of custom-made orthoses and prostheses to the attendees.<\/p>\n\n\n\n<hr class=\"wp-block-separator has-alpha-channel-opacity is-style-wide\"\/>\n\n\n\n<p class=\"has-medium-font-size\"><strong>From 13 to 15 <strong>May<\/strong><\/strong> <strong>2025 in Erfurt, <strong>Germany<\/strong><\/strong><br><\/p>\n\n\n\n<figure class=\"wp-block-image size-full is-resized\"><a href=\"https:\/\/www.rapidtech-3d.de\/en\"><img loading=\"lazy\" decoding=\"async\" width=\"556\" height=\"105\" src=\"https:\/\/helpmewalk.eu\/wp-content\/uploads\/2025\/01\/rt3d_logo_rgb_mit_subline-3.png\" alt=\"\" class=\"wp-image-398\" style=\"width:278px;height:auto\" srcset=\"https:\/\/helpmewalk.eu\/wp-content\/uploads\/2025\/01\/rt3d_logo_rgb_mit_subline-3.png 556w, https:\/\/helpmewalk.eu\/wp-content\/uploads\/2025\/01\/rt3d_logo_rgb_mit_subline-3-300x57.png 300w\" sizes=\"(max-width: 556px) 100vw, 556px\" \/><\/a><\/figure>\n\n\n\n<p>The 21st rapid.tech 3D will focus on practical applications, innovative technologies and forward-looking AM trends.<\/p>\n\n\n\n<p><strong><strong><strong>Partner attending the event<\/strong><\/strong> :<\/strong> FHNW<br>The FHNW will present the latest prototype produced by the consortium at its stand, showcasing a faster design of custom-made orthoses and prostheses to the attendees.<\/p>\n\n\n\n<hr class=\"wp-block-separator has-alpha-channel-opacity is-style-wide\"\/>\n\n\n\n<p class=\"has-medium-font-size\"><strong>From 8 to 10 April 2025 in Berlin, Germany<\/strong><\/p>\n\n\n\n<div class=\"wp-block-media-text is-stacked-on-mobile\" style=\"grid-template-columns:27% auto\"><figure class=\"wp-block-media-text__media\"><a href=\"https:\/\/www.dmea.de\/en\/about\/dmea\/\"><img loading=\"lazy\" decoding=\"async\" width=\"951\" height=\"647\" src=\"http:\/\/helpmewalk.eu\/wp-content\/uploads\/2025\/04\/DMEA.jpg\" alt=\"\" class=\"wp-image-586 size-full\" srcset=\"https:\/\/helpmewalk.eu\/wp-content\/uploads\/2025\/04\/DMEA.jpg 951w, https:\/\/helpmewalk.eu\/wp-content\/uploads\/2025\/04\/DMEA-300x204.jpg 300w, https:\/\/helpmewalk.eu\/wp-content\/uploads\/2025\/04\/DMEA-768x522.jpg 768w\" sizes=\"(max-width: 951px) 100vw, 951px\" \/><\/a><\/figure><div class=\"wp-block-media-text__content\">\n<h2 class=\"wp-block-heading has-medium-font-size\"><strong><mark style=\"background-color:rgba(0, 0, 0, 0)\" class=\"has-inline-color has-vivid-cyan-blue-color\">DMEA &#8211; Europe\u00b4s Leading Digital Health Conference and Trade Fair<\/mark><\/strong><\/h2>\n\n\n\n<p>The DMEA is one of Europe&#8217;s most important events for digital health. Experts from the digital health industry will meet in Berlin.<br><br><strong><strong>Partner attending the event<\/strong><\/strong>: HS-KL<br><\/p>\n<\/div><\/div>\n\n\n\n<p class=\"has-vivid-cyan-blue-color has-text-color has-link-color has-medium-font-size wp-elements-1313566407a8b41e64ac2a2add2b23b6\"><\/p>\n\n\n\n<hr class=\"wp-block-separator has-alpha-channel-opacity is-style-wide\"\/>\n\n\n\n<p class=\"has-medium-font-size\"><strong>From 7 to 9 <strong>March<\/strong><\/strong> <strong>2025 in Strasbourg, France<\/strong><\/p>\n\n\n\n<div class=\"wp-block-media-text is-stacked-on-mobile\" style=\"grid-template-columns:40% auto\"><figure class=\"wp-block-media-text__media\"><a href=\"https:\/\/www.helloasso.com\/associations\/east-games\/evenements\/scientific-game-jam-2024-strasbourg\"><img loading=\"lazy\" decoding=\"async\" width=\"300\" height=\"86\" src=\"https:\/\/helpmewalk.eu\/wp-content\/uploads\/2025\/01\/SGM-Strasbourg-2.png\" alt=\"\" class=\"wp-image-392 size-full\"\/><\/a><\/figure><div class=\"wp-block-media-text__content\">\n<p><br>The Scientific Game Jam is an international event that brings together scientists and video game developers to create a game in 48 hours, based on a research project.<\/p>\n\n\n\n<p><strong><strong><strong>Partner attending the event<\/strong><\/strong> :<\/strong> Manon Lambert (PhD student ICube &#8211; UNISTRA) will be taking part in the challenge, to create a game based on the subject of her PhD project.<\/p>\n<\/div><\/div>\n\n\n\n<hr class=\"wp-block-separator has-alpha-channel-opacity is-style-wide\"\/>\n\n\n\n<p class=\"has-medium-font-size\" id=\"block-0dddf489-1375-4584-b982-0242f670da17\"><strong>From 12 to 14 February in <strong>Montr\u00e9al<\/strong>, Canada<\/strong><\/p>\n\n\n\n<p class=\"has-vivid-cyan-blue-color has-text-color has-link-color has-medium-font-size wp-elements-65ab0da929df4d0265f10191efec673b\"><strong><a href=\"https:\/\/sites.google.com\/view\/fetch2025\/accueil\">FETCH<\/a> &#8211; French-speaking Winter School on Heterogeneous Embedded Systems Design Technologies<\/strong><\/p>\n\n\n\n<p>Controlling the heterogeneity of embedded systems through efficient design technologies is an essential challenge for the years to come. To keep up with and anticipate the emergence of new techniques for modeling, validating and integrating these systems, FETCH 2025 aims to bring together and combine expertise on these different fields.<br>It is a unique event for scientists and professionals willing to share and to exchange the most recent findings in these fields.<\/p>\n\n\n\n<p><strong>Partner attending the event<\/strong> : Morgan Madec (ICube-UNISTRA)<\/p>\n\n\n\n<hr class=\"wp-block-separator has-alpha-channel-opacity is-style-wide\"\/>\n\n\n\n<p><\/p>\n","protected":false},"excerpt":{"rendered":"<p>Agenda of forthcoming events at which members of the consortium will be taking part: The 29th May 2026, in Furtwangen, Germany HFU The Health Congress 2026 Health for ALL!Successful strategies through personalized health. HFU and the health network organise the<\/p>\n","protected":false},"author":3,"featured_media":0,"parent":0,"menu_order":0,"comment_status":"closed","ping_status":"closed","template":"","meta":{"footnotes":""},"class_list":["post-391","page","type-page","status-publish","hentry"],"_links":{"self":[{"href":"https:\/\/helpmewalk.eu\/index.php\/wp-json\/wp\/v2\/pages\/391","targetHints":{"allow":["GET"]}}],"collection":[{"href":"https:\/\/helpmewalk.eu\/index.php\/wp-json\/wp\/v2\/pages"}],"about":[{"href":"https:\/\/helpmewalk.eu\/index.php\/wp-json\/wp\/v2\/types\/page"}],"author":[{"embeddable":true,"href":"https:\/\/helpmewalk.eu\/index.php\/wp-json\/wp\/v2\/users\/3"}],"replies":[{"embeddable":true,"href":"https:\/\/helpmewalk.eu\/index.php\/wp-json\/wp\/v2\/comments?post=391"}],"version-history":[{"count":68,"href":"https:\/\/helpmewalk.eu\/index.php\/wp-json\/wp\/v2\/pages\/391\/revisions"}],"predecessor-version":[{"id":1382,"href":"https:\/\/helpmewalk.eu\/index.php\/wp-json\/wp\/v2\/pages\/391\/revisions\/1382"}],"wp:attachment":[{"href":"https:\/\/helpmewalk.eu\/index.php\/wp-json\/wp\/v2\/media?parent=391"}],"curies":[{"name":"wp","href":"https:\/\/api.w.org\/{rel}","templated":true}]}}