{"id":401,"date":"2025-01-22T14:38:46","date_gmt":"2025-01-22T13:38:46","guid":{"rendered":"https:\/\/helpmewalk.eu\/?page_id=401"},"modified":"2026-02-10T09:38:45","modified_gmt":"2026-02-10T08:38:45","slug":"wo-sie-uns-finden","status":"publish","type":"page","link":"https:\/\/helpmewalk.eu\/index.php\/de\/wo-sie-uns-finden\/","title":{"rendered":"Wo Sie uns finden"},"content":{"rendered":"\n<p>Agenda der bevorstehenden Veranstaltungen, an denen Mitglieder des Konsortiums teilnehmen werden.<\/p>\n\n\n\n<hr class=\"wp-block-separator has-alpha-channel-opacity is-style-wide\"\/>\n\n\n\n<p class=\"has-medium-font-size\"><strong><strong>Der<\/strong><\/strong> <strong>29. Mai 2026 in Furtwangen, Deutschland<\/strong><\/p>\n\n\n\n<p class=\"has-medium-font-size\"><strong>HFU Gesundheitskongress 2026<\/strong><\/p>\n\n\n\n<div class=\"wp-block-media-text is-stacked-on-mobile\" style=\"grid-template-columns:39% auto\"><figure class=\"wp-block-media-text__media\"><img fetchpriority=\"high\" decoding=\"async\" width=\"503\" height=\"259\" src=\"https:\/\/helpmewalk.eu\/wp-content\/uploads\/2026\/02\/HFUGesundheitskongress2026_HelpMeWalk.png\" alt=\"\" class=\"wp-image-1376 size-full\" srcset=\"https:\/\/helpmewalk.eu\/wp-content\/uploads\/2026\/02\/HFUGesundheitskongress2026_HelpMeWalk.png 503w, https:\/\/helpmewalk.eu\/wp-content\/uploads\/2026\/02\/HFUGesundheitskongress2026_HelpMeWalk-300x154.png 300w\" sizes=\"(max-width: 503px) 100vw, 503px\" \/><\/figure><div class=\"wp-block-media-text__content\">\n<p><strong><strong>Gesundheit f\u00fcr ALLE! <\/strong><\/strong><br><strong><strong>Erfolgreiche Strategien durch Personalisierte Gesundheit.<\/strong><\/strong><br>Die HFU und das Gesundheitsnetzwerk veranstalten den Gesundheitskongress gemeinsam mit der F\u00f6rdergesellschaft der Hochschule und der Stadt Furtwangen. Jedes Jahr widmet sich dieser gesundheitsbezogenen und gesellschaftlich relevanten Themen und Herausforderungen.<\/p>\n<\/div><\/div>\n\n\n\n<p><strong><strong>Partner, die an der Veranstaltung teilnehmen<\/strong>:<\/strong> Nicolas Pfaff von der HFU wird ein Poster mit den Ergebnissen seiner Arbeit zur waschbaren Verkapselung flexibler Leiterplatten pr\u00e4sentieren.<\/p>\n\n\n\n<hr class=\"wp-block-separator has-alpha-channel-opacity is-style-wide\"\/>\n\n\n\n<p class=\"has-medium-font-size\"><strong><strong>Vom 19. bis 20. Mai 2026 <strong>i<\/strong>n <strong><strong>Baden-Baden<\/strong><\/strong>, Deutschland<\/strong><\/strong><\/p>\n\n\n\n<p class=\"has-medium-font-size\"><strong>microTEC Clusterkonferenz 2026<\/strong><\/p>\n\n\n\n<p>Unser j\u00e4hrliches Netzwerktreffen bringt Expertinnen und Experten aus Industrie, Forschung und Politik zusammen \u2013 mit neuen Perspektiven, aktuellen Technologietrends und vielen M\u00f6glichkeiten zum Austausch.<\/p>\n\n\n\n<figure class=\"wp-block-image size-large\"><img decoding=\"async\" width=\"1024\" height=\"152\" src=\"https:\/\/helpmewalk.eu\/wp-content\/uploads\/2026\/02\/image-2-1024x152.png\" alt=\"\" class=\"wp-image-1381\" srcset=\"https:\/\/helpmewalk.eu\/wp-content\/uploads\/2026\/02\/image-2-1024x152.png 1024w, https:\/\/helpmewalk.eu\/wp-content\/uploads\/2026\/02\/image-2-300x44.png 300w, https:\/\/helpmewalk.eu\/wp-content\/uploads\/2026\/02\/image-2-768x114.png 768w, https:\/\/helpmewalk.eu\/wp-content\/uploads\/2026\/02\/image-2.png 1126w\" sizes=\"(max-width: 1024px) 100vw, 1024px\" \/><\/figure>\n\n\n\n<p><strong><strong>Partner, die an der Veranstaltung teilnehmen<\/strong>:<\/strong>  Nicolas Pfaff von der FHU wird einen Vortrag halten &#8211; <strong>\u201cWaschbare Verkapselung flexibler Leiterplatten im Rahmen des Projekts HelpMeWalk\u201d.<\/strong><\/p>\n\n\n\n<hr class=\"wp-block-separator has-alpha-channel-opacity is-style-wide\"\/>\n\n\n\n<p class=\"has-text-align-left has-medium-font-size\"><strong><strong>Der 14. <strong>November 2025 in <strong><strong>Stra\u00dfburg<\/strong><\/strong>, <strong><strong>Frankreich<\/strong><\/strong><\/strong><\/strong><\/strong><\/p>\n\n\n\n<div class=\"wp-block-media-text is-stacked-on-mobile\" style=\"grid-template-columns:20% auto\"><figure class=\"wp-block-media-text__media\"><img decoding=\"async\" width=\"950\" height=\"950\" src=\"https:\/\/helpmewalk.eu\/wp-content\/uploads\/2025\/11\/Logo_FMTS-csm_2019-12-04.jpg\" alt=\"\" class=\"wp-image-1164 size-full\" srcset=\"https:\/\/helpmewalk.eu\/wp-content\/uploads\/2025\/11\/Logo_FMTS-csm_2019-12-04.jpg 950w, https:\/\/helpmewalk.eu\/wp-content\/uploads\/2025\/11\/Logo_FMTS-csm_2019-12-04-300x300.jpg 300w, https:\/\/helpmewalk.eu\/wp-content\/uploads\/2025\/11\/Logo_FMTS-csm_2019-12-04-150x150.jpg 150w, https:\/\/helpmewalk.eu\/wp-content\/uploads\/2025\/11\/Logo_FMTS-csm_2019-12-04-768x768.jpg 768w, https:\/\/helpmewalk.eu\/wp-content\/uploads\/2025\/11\/Logo_FMTS-csm_2019-12-04-270x270.jpg 270w, https:\/\/helpmewalk.eu\/wp-content\/uploads\/2025\/11\/Logo_FMTS-csm_2019-12-04-230x230.jpg 230w\" sizes=\"(max-width: 950px) 100vw, 950px\" \/><\/figure><div class=\"wp-block-media-text__content\">\n<p class=\"has-medium-font-size\"><strong>HealthTech Day with the Strasbourg Federation of Translational Medicine <\/strong><\/p>\n\n\n\n<p>An diesem Tag finden Gastvortr\u00e4ge von Dr. Emeline Ribot, CR CNRS, CRMSB Bordeaux, und Professor Nassir Navab, Technische Universit\u00e4t M\u00fcnchen, statt.<br>Au\u00dferdem gibt es Pr\u00e4sentationen von HealthTech-Forschern und Doktoranden sowie eine Poster-Session f\u00fcr Doktoranden.<\/p>\n<\/div><\/div>\n\n\n\n<p><strong>Partner, die an der Veranstaltung teilnehmen:<\/strong> Manon Lambert von der ICube-UNISTRA wird ein Poster pr\u00e4sentieren: <strong>HelpMeWalk : A magnetic system for custom foot orthosis design.<\/strong><\/p>\n\n\n\n<hr class=\"wp-block-separator has-alpha-channel-opacity is-style-wide\"\/>\n\n\n\n<p class=\"has-medium-font-size\"><strong><strong>Vom<\/strong> 13. bis 14. November 2025 in Lyon, <strong><strong>Frankreich<\/strong><\/strong><\/strong><\/p>\n\n\n\n<div class=\"wp-block-media-text is-stacked-on-mobile\" style=\"grid-template-columns:27% auto\"><figure class=\"wp-block-media-text__media\"><a href=\"https:\/\/ispo-france.com\/\"><img loading=\"lazy\" decoding=\"async\" width=\"192\" height=\"60\" src=\"http:\/\/helpmewalk.eu\/wp-content\/uploads\/2025\/08\/ispo-FR_logo_1-1.jpg\" alt=\"\" class=\"wp-image-945 size-full\"\/><\/a><\/figure><div class=\"wp-block-media-text__content\">\n<p class=\"has-medium-font-size\"><strong>Prothetik, Orthesen, Fu\u00dforthesen, Rehabilitation<\/strong><\/p>\n\n\n\n<p>Jedes Jahr organisiert ISPO-France eine wissenschaftliche Konferenz, an der alle Fachleute aus den Bereichen externe Orthop\u00e4die und Rehabilitation teilnehmen.<\/p>\n<\/div><\/div>\n\n\n\n<p><strong><strong><strong><strong><strong><strong><strong><strong>Partner, die an der Veranstaltung teilnehmen<\/strong><\/strong><\/strong><\/strong><\/strong><\/strong><\/strong> :<\/strong> FHNW<\/p>\n\n\n\n<hr class=\"wp-block-separator has-alpha-channel-opacity is-style-wide\"\/>\n\n\n\n<p class=\"has-medium-font-size\"><strong>Vom 10. bis 11. November 2025 in Muttenz, Schweiz<\/strong><\/p>\n\n\n\n<div class=\"wp-block-media-text is-stacked-on-mobile\" style=\"grid-template-columns:31% auto\"><figure class=\"wp-block-media-text__media\"><a href=\"https:\/\/ai-health2025.com\/\"><img loading=\"lazy\" decoding=\"async\" width=\"673\" height=\"274\" src=\"http:\/\/helpmewalk.eu\/wp-content\/uploads\/2025\/10\/AI-Health-logo-white2.png\" alt=\"\" class=\"wp-image-1078 size-full\" srcset=\"https:\/\/helpmewalk.eu\/wp-content\/uploads\/2025\/10\/AI-Health-logo-white2.png 673w, https:\/\/helpmewalk.eu\/wp-content\/uploads\/2025\/10\/AI-Health-logo-white2-300x122.png 300w\" sizes=\"(max-width: 673px) 100vw, 673px\" \/><\/a><\/figure><div class=\"wp-block-media-text__content\">\n<p>Die \u201e<strong>2nd International Annual Conference on Artificial Intelligence in Health (aiHealth2025)<\/strong>\u201d findet an der<strong> FHNW<\/strong> (Fachhochschule Nordwestschweiz) in Muttenz, Schweiz, statt.<\/p>\n\n\n\n<p><strong>Health 2025 <\/strong>konzentriert sich auf die aktuelle Gesundheitslandschaft und untersucht das transformative Potenzial der k\u00fcnstlichen Intelligenz (KI), um die Art und Weise zu revolutionieren, wie wir individualisierte Diagnosen stellen, Therapien entdecken und das Gesundheitskontinuum der Bev\u00f6lkerung mithilfe zuk\u00fcnftiger B\u00fcrgerzwillinge kartieren, mit dem Ziel, eine einzigartige Gesundheit zu erreichen<\/p>\n<\/div><\/div>\n\n\n\n<p><strong>aiHealth2025 <\/strong>bietet drei Veranstaltungen mit Schwerpunkt auf den Anwendungsbereichen k\u00fcnstlicher Intelligenz im Gesundheitswesen:<\/p>\n\n\n\n<ul class=\"wp-block-list\">\n<li> KI f\u00fcr die Diagnostik<\/li>\n\n\n\n<li> KI f\u00fcr die Therapie<\/li>\n\n\n\n<li> Generative KI f\u00fcr digitale Zwillinge im Gesundheitswesen<\/li>\n<\/ul>\n\n\n\n<p><strong>Partner, die an der Veranstaltung teilnehmen:<\/strong> Sarah Chouchene von der ICube-UNISTRA wird ein Poster pr\u00e4sentieren: <strong><em>Reconstruction of 3D shapes from magnetic data for orthopedic orthoses using deep learning<\/em><\/strong><\/p>\n\n\n\n<hr class=\"wp-block-separator has-alpha-channel-opacity is-style-wide\"\/>\n\n\n\n<p class=\"has-medium-font-size\"><strong><strong>Vom<\/strong> 5. bis 6. <strong>November<\/strong> 2025 in <strong>Stra\u00dfburg<\/strong>,<strong> Frankreich<\/strong><\/strong><\/p>\n\n\n\n<div class=\"wp-block-media-text is-stacked-on-mobile\" style=\"grid-template-columns:21% auto\"><figure class=\"wp-block-media-text__media\"><img loading=\"lazy\" decoding=\"async\" width=\"452\" height=\"653\" src=\"https:\/\/helpmewalk.eu\/wp-content\/uploads\/2025\/10\/uRAI-SYmposium-2025.png\" alt=\"\" class=\"wp-image-1101 size-full\" srcset=\"https:\/\/helpmewalk.eu\/wp-content\/uploads\/2025\/10\/uRAI-SYmposium-2025.png 452w, https:\/\/helpmewalk.eu\/wp-content\/uploads\/2025\/10\/uRAI-SYmposium-2025-208x300.png 208w\" sizes=\"(max-width: 452px) 100vw, 452px\" \/><\/figure><div class=\"wp-block-media-text__content\">\n<p class=\"has-medium-font-size\"><strong><strong>URAI-Symposium \u2013 K\u00fcnstliche Intelligenz am Oberrhein<\/strong><\/strong><\/p>\n\n\n\n<p>Jedes Jahr veranstaltet <strong><strong>TriRhenaTech<\/strong><\/strong> das <strong><strong>URAI-Symposium (Upper-Rhine Artificial Intelligence Symposium),<\/strong><\/strong> eine trinational wissenschaftliche Veranstaltung, die sich der K\u00fcnstlichen Intelligenz widmet. Es findet jeweils in einem anderen Land statt und unterstreicht so den grenz\u00fcberschreitenden Charakter der Allianz.<\/p>\n\n\n\n<p class=\"has-medium-font-size\"><strong>Upper Rhine AI Symposium 2025 \u2013 in Stra\u00dfburg<\/strong><\/p>\n\n\n\n<p>Die <strong>ESBS (\u00c9cole sup\u00e9rieure de biotechnologie de Strasbourg)<\/strong> und die <strong>TPS (\u00c9cole d\u2019ing\u00e9nieurs T\u00e9l\u00e9com Physique)<\/strong> freuen sich, Sie zu diesem 7. URAI-Treffen einzuladen.<br>Das Thema dieser Ausgabe lautet:<br><strong><strong>AI in Medicine &amp; Healthcare : from algorithm to clinical application<\/strong><\/strong><\/p>\n<\/div><\/div>\n\n\n\n<p><strong><strong><strong><strong>Partner, die an der Veranstaltung teilnehmen<\/strong><\/strong><\/strong>:<\/strong> <br>   # <strong>ICube-UNISTRA<\/strong> &#8211; Sarah Chouchene wird ein Poster pr\u00e4sentieren: <br>      <em><strong>3D morphological reconstruction from magnetic<\/strong> <strong>data using deep learning.&nbsp;<\/strong><\/em><strong>&nbsp;<\/strong><br>   # <strong>HSKL<\/strong> &#8211; Fabien Wilhelm wird ein Poster pr\u00e4sentieren:<br>      <strong>HelpMeWalk &#8211; A new digital process for orthoses production: Data processing, Workflow and Accuracy<\/strong>.<\/p>\n\n\n\n<hr class=\"wp-block-separator has-alpha-channel-opacity is-style-wide\"\/>\n\n\n\n<p class=\"has-medium-font-size\"><strong>Vom 9. bis 11. September 2025 in Muttenz, Schweiz<\/strong><\/p>\n\n\n\n<p class=\"has-medium-font-size\"><strong>BMT \u2013 <\/strong>Joint Conference of the Swiss (SSBE), Austrian (\u00d6GBMT) and German (VDE DGBMT) Societies for Biomedical Engineering.<\/p>\n\n\n\n<div class=\"wp-block-media-text is-stacked-on-mobile\"><figure class=\"wp-block-media-text__media\"><img loading=\"lazy\" decoding=\"async\" width=\"1024\" height=\"207\" src=\"https:\/\/helpmewalk.eu\/wp-content\/uploads\/2025\/08\/BMT2025_Header_Folgeseite-1024x207.png\" alt=\"\" class=\"wp-image-979 size-full\" srcset=\"https:\/\/helpmewalk.eu\/wp-content\/uploads\/2025\/08\/BMT2025_Header_Folgeseite-1024x207.png 1024w, https:\/\/helpmewalk.eu\/wp-content\/uploads\/2025\/08\/BMT2025_Header_Folgeseite-300x61.png 300w, https:\/\/helpmewalk.eu\/wp-content\/uploads\/2025\/08\/BMT2025_Header_Folgeseite-768x155.png 768w, https:\/\/helpmewalk.eu\/wp-content\/uploads\/2025\/08\/BMT2025_Header_Folgeseite-1536x310.png 1536w, https:\/\/helpmewalk.eu\/wp-content\/uploads\/2025\/08\/BMT2025_Header_Folgeseite-2048x413.png 2048w\" sizes=\"(max-width: 1024px) 100vw, 1024px\" \/><\/figure><div class=\"wp-block-media-text__content\">\n<p>Diese Konferenz bietet einen umfassenden \u00dcberblick \u00fcber die neuesten Entwicklungen in der Biomedizintechnik und dient als Plattform f\u00fcr den wissenschaftlichen Austausch.<\/p>\n<\/div><\/div>\n\n\n\n<p><strong>Anwesender Partner<\/strong>: Corentin F\u00e9ry von der FHNW wird ein Poster pr\u00e4sentieren :<br> &#8220;<strong>Wireless scanning textile replaces plaster molding for the design of ankle foot orthoses<\/strong>&#8220;<\/p>\n\n\n\n<hr class=\"wp-block-separator has-alpha-channel-opacity is-style-wide\"\/>\n\n\n\n<p class=\"has-medium-font-size\"><strong>Der 25. Juni 2025 in Kursaal Bern, Schweiz<\/strong><\/p>\n\n\n\n<p>Das \u00fcbergeordnete Thema f\u00fcr 2024\u20132026 lautet \u201eKomplexit\u00e4t meistern\u201c. Dieses Thema befasst sich mit den dynamischen Ver\u00e4nderungen in der Welt und den Herausforderungen, denen sich die Medizintechnikbranche stellen muss.<\/p>\n\n\n\n<div class=\"wp-block-media-text is-stacked-on-mobile\" style=\"grid-template-columns:15% auto\"><figure class=\"wp-block-media-text__media\"><a href=\"https:\/\/www.swiss-medtech.ch\/en\/swissmedtechday\"><img loading=\"lazy\" decoding=\"async\" width=\"146\" height=\"131\" src=\"http:\/\/helpmewalk.eu\/wp-content\/uploads\/2025\/05\/Swissmedtc-2025-logo.png\" alt=\"\" class=\"wp-image-719 size-full\"\/><\/a><\/figure><div class=\"wp-block-media-text__content\">\n<p>Der Swiss Medtech Day bietet eine Plattform, um diese Herausforderungen zu diskutieren. Durch den Austausch von Erfahrungen, Best Practices und innovativen Ans\u00e4tzen k\u00f6nnen die Teilnehmenden gemeinsam Strategien entwickeln, um mit der Komplexit\u00e4t umzugehen und die Zukunftsf\u00e4higkeit der Branche zu sichern.<\/p>\n<\/div><\/div>\n\n\n\n<p><strong><strong><strong><strong>Partner, die an der Veranstaltung teilnehmen:<\/strong><\/strong><\/strong><\/strong> FHNW<\/p>\n\n\n\n<hr class=\"wp-block-separator has-alpha-channel-opacity is-style-wide\"\/>\n\n\n\n<p class=\"has-medium-font-size\"><strong><strong>Vom<\/strong> 22. bis 25. Juni 2025 in Paris,<strong> Frankreich<\/strong><\/strong><\/p>\n\n\n\n<div class=\"wp-block-media-text is-stacked-on-mobile\" style=\"grid-template-columns:44% auto\"><figure class=\"wp-block-media-text__media\"><img decoding=\"async\" src=\"http:\/\/helpmewalk.eu\/wp-content\/uploads\/2025\/05\/cropped-NEWCAS-logo-302x100-1.png\" alt=\"L\u2019attribut alt de cette image est vide, son nom de fichier est cropped-NEWCAS-logo-302x100-1.png.\"\/><\/figure><div class=\"wp-block-media-text__content\">\n<p class=\"has-medium-font-size\"><mark><strong><mark style=\"background-color:#ffffff\" class=\"has-inline-color has-vivid-red-color\">      23<sup>rd<\/sup><\/mark><\/strong><\/mark><mark style=\"background-color:rgba(0, 0, 0, 0)\" class=\"has-inline-color has-vivid-red-color\"><strong> IEEE International  NEWCAS ConfereNce<\/strong><\/mark><\/p>\n<\/div><\/div>\n\n\n\n<p>Die Mission der interregionalen <strong>IEEE NEWCAS-Konferenz <\/strong>(NEWCAS) besteht darin, Forschungsaktivit\u00e4ten zu f\u00f6rdern und den Austausch zwischen Forschenden auf dem Gebiet der Schaltungen und Systeme zu intensivieren.<\/p>\n\n\n\n<p><strong>Partner, die an der Veranstaltung teilnehmen:<\/strong> Morgan Madec und Manon Lambert (ICube-UNISTRA)<\/p>\n\n\n\n<p>Ein Beitrag wurde akzeptiert und wird in IEEE Xplore ver\u00f6ffentlicht: <em>Machine-learning algorithm applied to magnetic localization<\/em> (Maschinelles Lernverfahren zur magnetischen Lokalisierung).<\/p>\n\n\n\n<hr class=\"wp-block-separator has-alpha-channel-opacity is-style-wide\"\/>\n\n\n\n<p class=\"has-medium-font-size\"><strong><strong><strong><strong><strong>Vom<\/strong><\/strong> 16. bis 19. Juni 2025 in <\/strong>Stockholm, Schweden<\/strong><\/strong><\/p>\n\n\n\n<div class=\"wp-block-media-text is-stacked-on-mobile\" style=\"grid-template-columns:29% auto\"><figure class=\"wp-block-media-text__media\"><img loading=\"lazy\" decoding=\"async\" width=\"1024\" height=\"315\" src=\"https:\/\/helpmewalk.eu\/wp-content\/uploads\/2025\/06\/ispo-logo-1024x315.png\" alt=\"\" class=\"wp-image-816 size-full\" srcset=\"https:\/\/helpmewalk.eu\/wp-content\/uploads\/2025\/06\/ispo-logo-1024x315.png 1024w, https:\/\/helpmewalk.eu\/wp-content\/uploads\/2025\/06\/ispo-logo-300x92.png 300w, https:\/\/helpmewalk.eu\/wp-content\/uploads\/2025\/06\/ispo-logo-768x237.png 768w, https:\/\/helpmewalk.eu\/wp-content\/uploads\/2025\/06\/ispo-logo-1536x473.png 1536w, https:\/\/helpmewalk.eu\/wp-content\/uploads\/2025\/06\/ispo-logo-2048x631.png 2048w\" sizes=\"(max-width: 1024px) 100vw, 1024px\" \/><\/figure><div class=\"wp-block-media-text__content\">\n<p>Die Internationale Gesellschaft f\u00fcr Prothetik und Orthetik (ISPO) l\u00e4dt Fachleute, die in der Versorgung von Menschen mit Prothesen, Orthesen, Mobilit\u00e4ts- und Hilfsmitteln t\u00e4tig sind, herzlich zu ihrem einzigartigen und interaktiven Leitkongress, dem <strong>ISPO-Weltkongress<\/strong>, ein.<\/p>\n<\/div><\/div>\n\n\n\n<p>In diesem Jahr lautet das Veranstaltungsthema: <strong>Wissenschaft in der Praxis, Praxis in der Wissenschaft: Zusammenarbeit und Innovation f\u00fcr eine nachhaltige Rehabilitation<\/strong>.<\/p>\n\n\n\n<p><strong><strong>Partner, die an der Veranstaltung teilnehmen<\/strong> <\/strong>: FHNW<br>Die FHNW wird an ihrem Stand den neuesten Prototypen des Konsortiums vorstellen und damit den Besuchern eine schnellere Design-Herstellung von ma\u00dfgefertigten Orthesen und Prothesen zeigen.<\/p>\n\n\n\n<hr class=\"wp-block-separator has-alpha-channel-opacity is-style-wide\"\/>\n\n\n\n<p class=\"has-medium-font-size\"><strong><strong>Vom<\/strong> 11. bis 14. Juni 2025 in Paris,<strong> Frankreich<\/strong><\/strong><\/p>\n\n\n<div class=\"wp-block-image\">\n<figure class=\"alignleft size-full is-resized\"><img loading=\"lazy\" decoding=\"async\" width=\"238\" height=\"85\" src=\"https:\/\/helpmewalk.eu\/wp-content\/uploads\/2025\/06\/image.png\" alt=\"\" class=\"wp-image-805\" style=\"width:274px;height:auto\"\/><\/figure>\n<\/div>\n\n\n<p id=\"block-0dddf489-1375-4584-b982-0242f670da17\"><br>Paris wird Gastgeber der 9. Ausgabe von VivaTech sein, Europas gr\u00f6\u00dftem Event f\u00fcr Start-ups und Technologie.<\/p>\n\n\n\n<p id=\"block-0dddf489-1375-4584-b982-0242f670da17\">Die Ausgabe 2025 wird die neuen Grenzen der Innovation nicht nur unter technologischen, sondern auch unter wirtschaftlichen, geopolitischen, gesellschaftlichen und \u00f6kologischen Gesichtspunkten beleuchten. Die Veranstaltung bringt die besten Rednerinnen und Redner, Start-ups sowie Vordenkerinnen und Vordenker aus dem \u00f6ffentlichen und privaten Sektor zusammen, um eine Vielzahl technologischer Durchbr\u00fcche und Entwicklungen zu diskutieren.<\/p>\n\n\n\n<p id=\"block-0dddf489-1375-4584-b982-0242f670da17\"><strong><strong>Partner, die an der Veranstaltung teilnehmen<\/strong> <\/strong>: FHNW<br>Die FHNW wird an ihrem Stand den neuesten Prototypen des Konsortiums vorstellen und damit den Besuchern eine schnellere Design-Herstellung von ma\u00dfgefertigten Orthesen und Prothesen zeigen.<\/p>\n\n\n\n<hr class=\"wp-block-separator has-alpha-channel-opacity is-style-wide\"\/>\n\n\n\n<p class=\"has-medium-font-size\"><strong>Vom 13. bis 15. Mai 2025<strong> i<\/strong>n <strong>Erfurt<\/strong>, Deutschland<\/strong><\/p>\n\n\n\n<figure class=\"wp-block-image size-full is-resized\"><a href=\"https:\/\/www.rapidtech-3d.de\/de \"><img loading=\"lazy\" decoding=\"async\" width=\"556\" height=\"105\" src=\"https:\/\/helpmewalk.eu\/wp-content\/uploads\/2025\/01\/rt3d_logo_rgb_mit_subline-4.png\" alt=\"\" class=\"wp-image-406\" style=\"width:309px;height:auto\" srcset=\"https:\/\/helpmewalk.eu\/wp-content\/uploads\/2025\/01\/rt3d_logo_rgb_mit_subline-4.png 556w, https:\/\/helpmewalk.eu\/wp-content\/uploads\/2025\/01\/rt3d_logo_rgb_mit_subline-4-300x57.png 300w\" sizes=\"(max-width: 556px) 100vw, 556px\" \/><\/a><\/figure>\n\n\n\n<p>Im Mittelpunkt der 21. <strong>rapid.tech 3D <\/strong>stehen praktische Anwendungen, innovative Technologien und zukunftsweisende AM-Trends.<br><br><strong><strong>Partner, die an der Veranstaltung teilnehmen<\/strong> <\/strong>: FHNW<br>Die FHNW wird an ihrem Stand den neuesten Prototypen des Konsortiums vorstellen und damit den Besuchern eine schnellere Design-Herstellung von ma\u00dfgefertigten Orthesen und Prothesen zeigen.<\/p>\n\n\n\n<hr class=\"wp-block-separator has-alpha-channel-opacity is-style-wide\"\/>\n\n\n\n<p class=\"has-medium-font-size\"><strong>Vom 8. bis 10. April 2025 in Berlin,<strong> Deutschland<\/strong><\/strong><\/p>\n\n\n\n<div class=\"wp-block-media-text is-stacked-on-mobile\" style=\"grid-template-columns:19% auto\"><figure class=\"wp-block-media-text__media\"><a href=\"https:\/\/www.dmea.de\/de\/about\/dmea\/\"><img loading=\"lazy\" decoding=\"async\" width=\"951\" height=\"647\" src=\"http:\/\/helpmewalk.eu\/wp-content\/uploads\/2025\/04\/DMEA.jpg\" alt=\"\" class=\"wp-image-586 size-full\" srcset=\"https:\/\/helpmewalk.eu\/wp-content\/uploads\/2025\/04\/DMEA.jpg 951w, https:\/\/helpmewalk.eu\/wp-content\/uploads\/2025\/04\/DMEA-300x204.jpg 300w, https:\/\/helpmewalk.eu\/wp-content\/uploads\/2025\/04\/DMEA-768x522.jpg 768w\" sizes=\"(max-width: 951px) 100vw, 951px\" \/><\/a><\/figure><div class=\"wp-block-media-text__content\">\n<p class=\"has-vivid-cyan-blue-color has-text-color has-link-color has-medium-font-size wp-elements-0ef863d908db56b47ad6fe56ba486c7f\"><strong>Dmea &#8211; Europas f\u00fchrendes Event f\u00fcr Digital Health<\/strong><\/p>\n\n\n\n<p>Die<strong> DMEA<\/strong> ist eine der wichtigsten Veranstaltungen f\u00fcr digitale Gesundheit in Europa. Experten aus der digitalen Gesundheitsbranche treffen sich in Berlin.<\/p>\n\n\n\n<p><strong>Partner, die an der Veranstaltung teilnehmen<\/strong>: HS-KL<\/p>\n<\/div><\/div>\n\n\n\n<p class=\"has-vivid-cyan-blue-color has-text-color has-link-color has-medium-font-size wp-elements-1313566407a8b41e64ac2a2add2b23b6\"><\/p>\n\n\n\n<hr class=\"wp-block-separator has-alpha-channel-opacity is-style-wide\"\/>\n\n\n\n<p class=\"has-medium-font-size\"><strong>Vom 7. bis 9. M\u00e4rz 2025<strong> in<\/strong> Stra\u00dfburg, Frankreich<\/strong><\/p>\n\n\n\n<div class=\"wp-block-media-text is-stacked-on-mobile is-vertically-aligned-center\" style=\"grid-template-columns:45% auto\"><figure class=\"wp-block-media-text__media\"><img loading=\"lazy\" decoding=\"async\" width=\"300\" height=\"86\" src=\"https:\/\/helpmewalk.eu\/wp-content\/uploads\/2025\/01\/SGM-Strasbourg-3.png\" alt=\"\" class=\"wp-image-402 size-full\"\/><\/figure><div class=\"wp-block-media-text__content\">\n<p>Der <strong>Scientific Game Jam<\/strong> ist eine internationale Veranstaltung, bei der Wissenschaftler und Videospielentwickler zusammenkommen, um innerhalb von 48 Stunden ein Spiel zu entwickeln, das auf einem Forschungsprojekt basiert.<\/p>\n\n\n\n<p><strong>Partner, die an der Veranstaltung teilnehmen<\/strong> : <br>Manon Lambert (ICube- UNISTRA) wird an der Herausforderung teilnehmen, ein Spiel zu entwickeln, das auf dem Thema ihrer Doktorarbeit basiert.<\/p>\n<\/div><\/div>\n\n\n\n<hr class=\"wp-block-separator has-alpha-channel-opacity is-style-wide\"\/>\n\n\n\n<p class=\"has-medium-font-size\" id=\"block-0dddf489-1375-4584-b982-0242f670da17\"><strong>Vom 12. bis 14. Februar<strong> i<\/strong>n <strong>Montreal<\/strong>, Kanada<\/strong><\/p>\n\n\n\n<p class=\"has-vivid-cyan-blue-color has-text-color has-link-color has-medium-font-size wp-elements-41cf60e430e7fc480a14e1b7f60cdcc1\"><strong><a href=\"https:\/\/sites.google.com\/view\/fetch2025\/accueil\">FETCH<\/a> &#8211; Franz\u00f6sischsprachige Winterschule \u00fcber Entwurfstechnologien f\u00fcr heterogene eingebettete Systeme<\/strong><\/p>\n\n\n\n<p>Die Beherrschung der Heterogenit\u00e4t von eingebetteten Systemen durch effiziente Entwurfstechnologien ist eine wesentliche Herausforderung f\u00fcr die kommenden Jahre. Um mit dem Aufkommen neuer Techniken f\u00fcr die Modellierung, Validierung und Integration dieser Systeme Schritt zu halten und ihnen zuvorzukommen, zielt FETCH 2025 darauf ab, Fachwissen in diesen verschiedenen Bereichen zusammenzubringen und zu kombinieren.<br>Es handelt sich um eine einzigartige Veranstaltung f\u00fcr Wissenschaftler und Fachleute, die die neuesten Erkenntnisse in diesen Bereichen austauschen m\u00f6chten.<\/p>\n\n\n\n<p><strong>Partner, die an der Veranstaltung teilnehmen<\/strong> : Morgan Madec (ICube-UNISTRA)<\/p>\n\n\n\n<hr class=\"wp-block-separator has-alpha-channel-opacity is-style-wide\"\/>\n\n\n\n<hr class=\"wp-block-separator has-alpha-channel-opacity is-style-wide\"\/>\n\n\n\n<p><\/p>\n","protected":false},"excerpt":{"rendered":"<p>Agenda der bevorstehenden Veranstaltungen, an denen Mitglieder des Konsortiums teilnehmen werden. Der 29. Mai 2026 in Furtwangen, Deutschland HFU Gesundheitskongress 2026 Gesundheit f\u00fcr ALLE! Erfolgreiche Strategien durch Personalisierte Gesundheit.Die HFU und das Gesundheitsnetzwerk veranstalten den Gesundheitskongress gemeinsam mit der F\u00f6rdergesellschaft<\/p>\n","protected":false},"author":3,"featured_media":0,"parent":0,"menu_order":0,"comment_status":"closed","ping_status":"closed","template":"","meta":{"footnotes":""},"class_list":["post-401","page","type-page","status-publish","hentry"],"_links":{"self":[{"href":"https:\/\/helpmewalk.eu\/index.php\/wp-json\/wp\/v2\/pages\/401","targetHints":{"allow":["GET"]}}],"collection":[{"href":"https:\/\/helpmewalk.eu\/index.php\/wp-json\/wp\/v2\/pages"}],"about":[{"href":"https:\/\/helpmewalk.eu\/index.php\/wp-json\/wp\/v2\/types\/page"}],"author":[{"embeddable":true,"href":"https:\/\/helpmewalk.eu\/index.php\/wp-json\/wp\/v2\/users\/3"}],"replies":[{"embeddable":true,"href":"https:\/\/helpmewalk.eu\/index.php\/wp-json\/wp\/v2\/comments?post=401"}],"version-history":[{"count":50,"href":"https:\/\/helpmewalk.eu\/index.php\/wp-json\/wp\/v2\/pages\/401\/revisions"}],"predecessor-version":[{"id":1383,"href":"https:\/\/helpmewalk.eu\/index.php\/wp-json\/wp\/v2\/pages\/401\/revisions\/1383"}],"wp:attachment":[{"href":"https:\/\/helpmewalk.eu\/index.php\/wp-json\/wp\/v2\/media?parent=401"}],"curies":[{"name":"wp","href":"https:\/\/api.w.org\/{rel}","templated":true}]}}