{"id":489,"date":"2025-02-18T15:49:35","date_gmt":"2025-02-18T14:49:35","guid":{"rendered":"https:\/\/helpmewalk.eu\/?page_id=489"},"modified":"2026-02-03T17:30:57","modified_gmt":"2026-02-03T16:30:57","slug":"newsletter","status":"publish","type":"page","link":"https:\/\/helpmewalk.eu\/index.php\/newsletter\/","title":{"rendered":"Newsletter"},"content":{"rendered":"\n<p>Pour suivre notre activit\u00e9, vous pouvez t\u00e9l\u00e9charger et imprimer nos Newsletters :<br><br><\/p>\n\n\n\n<div class=\"wp-block-file\"><a id=\"wp-block-file--media-cac5b8a9-7aa4-4c21-b0f1-80a770053b09\" href=\"http:\/\/helpmewalk.eu\/wp-content\/uploads\/2025\/08\/Newsletter-n\u00b01-HelpMeWalk-FR_dec2024.pdf\" target=\"_blank\" rel=\"noreferrer noopener\">HelpMeWalk Newsletter n\u00b01 FR D\u00e9cembre 2024<\/a><a href=\"http:\/\/helpmewalk.eu\/wp-content\/uploads\/2025\/08\/Newsletter-n\u00b01-HelpMeWalk-FR_dec2024.pdf\" class=\"wp-block-file__button wp-element-button\" download aria-describedby=\"wp-block-file--media-cac5b8a9-7aa4-4c21-b0f1-80a770053b09\">T\u00e9l\u00e9charger<\/a><\/div>\n\n\n\n<div class=\"wp-block-file\"><a id=\"wp-block-file--media-6ad69c49-4469-4a35-9587-1a45bdd0db44\" href=\"http:\/\/helpmewalk.eu\/wp-content\/uploads\/2025\/08\/Newsletter-n\u00b02-juin-2025-FR.pdf\" target=\"_blank\" rel=\"noreferrer noopener\">HelpMeWalk Newsletter n\u00b02 juin 2025 FR<\/a><a href=\"http:\/\/helpmewalk.eu\/wp-content\/uploads\/2025\/08\/Newsletter-n\u00b02-juin-2025-FR.pdf\" class=\"wp-block-file__button wp-element-button\" download aria-describedby=\"wp-block-file--media-6ad69c49-4469-4a35-9587-1a45bdd0db44\">T\u00e9l\u00e9charger<\/a><\/div>\n\n\n\n<div class=\"wp-block-file\"><a id=\"wp-block-file--media-c0fe40ca-74a1-4de9-8ed3-798db3e036ec\" href=\"https:\/\/helpmewalk.eu\/wp-content\/uploads\/2026\/02\/HelpMeWalk-Newsletter-n\u00b03-FR-Decembre-2025.pdf\" target=\"_blank\" rel=\"noreferrer noopener\">HelpMeWalk Newsletter n\u00b03 FR D\u00e9cembre 2025<\/a><a href=\"https:\/\/helpmewalk.eu\/wp-content\/uploads\/2026\/02\/HelpMeWalk-Newsletter-n\u00b03-FR-Decembre-2025.pdf\" class=\"wp-block-file__button wp-element-button\" download aria-describedby=\"wp-block-file--media-c0fe40ca-74a1-4de9-8ed3-798db3e036ec\">T\u00e9l\u00e9charger<\/a><\/div>\n","protected":false},"excerpt":{"rendered":"<p>Pour suivre notre activit\u00e9, vous pouvez t\u00e9l\u00e9charger et imprimer nos Newsletters :<\/p>\n","protected":false},"author":3,"featured_media":0,"parent":0,"menu_order":0,"comment_status":"closed","ping_status":"closed","template":"","meta":{"footnotes":""},"class_list":["post-489","page","type-page","status-publish","hentry"],"_links":{"self":[{"href":"https:\/\/helpmewalk.eu\/index.php\/wp-json\/wp\/v2\/pages\/489","targetHints":{"allow":["GET"]}}],"collection":[{"href":"https:\/\/helpmewalk.eu\/index.php\/wp-json\/wp\/v2\/pages"}],"about":[{"href":"https:\/\/helpmewalk.eu\/index.php\/wp-json\/wp\/v2\/types\/page"}],"author":[{"embeddable":true,"href":"https:\/\/helpmewalk.eu\/index.php\/wp-json\/wp\/v2\/users\/3"}],"replies":[{"embeddable":true,"href":"https:\/\/helpmewalk.eu\/index.php\/wp-json\/wp\/v2\/comments?post=489"}],"version-history":[{"count":11,"href":"https:\/\/helpmewalk.eu\/index.php\/wp-json\/wp\/v2\/pages\/489\/revisions"}],"predecessor-version":[{"id":1349,"href":"https:\/\/helpmewalk.eu\/index.php\/wp-json\/wp\/v2\/pages\/489\/revisions\/1349"}],"wp:attachment":[{"href":"https:\/\/helpmewalk.eu\/index.php\/wp-json\/wp\/v2\/media?parent=489"}],"curies":[{"name":"wp","href":"https:\/\/api.w.org\/{rel}","templated":true}]}}