{"id":84,"date":"2024-03-18T17:56:49","date_gmt":"2024-03-18T16:56:49","guid":{"rendered":"https:\/\/helpmewalk.eu\/?page_id=84"},"modified":"2024-03-18T22:50:45","modified_gmt":"2024-03-18T21:50:45","slug":"les-partenaires-du-projet","status":"publish","type":"page","link":"https:\/\/helpmewalk.eu\/index.php\/en\/les-partenaires-du-projet\/","title":{"rendered":"Project partners"},"content":{"rendered":"\t\t<div data-elementor-type=\"wp-page\" data-elementor-id=\"84\" class=\"elementor elementor-84\">\n\t\t\t\t<div class=\"elementor-element elementor-element-6611df85 e-flex e-con-boxed e-con e-parent\" data-id=\"6611df85\" data-element_type=\"container\">\n\t\t\t\t\t<div class=\"e-con-inner\">\n\t\t\t\t<div class=\"elementor-element elementor-element-284d4a56 elementor-widget elementor-widget-text-editor\" data-id=\"284d4a56\" data-element_type=\"widget\" data-widget_type=\"text-editor.default\">\n\t\t\t\t<div class=\"elementor-widget-container\">\n\t\t\t\t\t\t\t\t\t<p><\/p>\n<p>HelpMeWalk is a colaborative project involving four academic partners and eight associated partners<\/p>\n<p><\/p>\n<h2 class=\"wp-block-heading\">Academic Partners<\/h2>\n<p><\/p>\n<figure class=\"wp-block-image size-large\"><img fetchpriority=\"high\" decoding=\"async\" width=\"1024\" height=\"434\" class=\"wp-image-88\" src=\"http:\/\/helpmewalk.eu\/wp-content\/uploads\/2024\/03\/LogoPartenaires_2lignes-1024x434.png\" alt=\"\" srcset=\"https:\/\/helpmewalk.eu\/wp-content\/uploads\/2024\/03\/LogoPartenaires_2lignes-1024x434.png 1024w, https:\/\/helpmewalk.eu\/wp-content\/uploads\/2024\/03\/LogoPartenaires_2lignes-300x127.png 300w, https:\/\/helpmewalk.eu\/wp-content\/uploads\/2024\/03\/LogoPartenaires_2lignes-768x325.png 768w, https:\/\/helpmewalk.eu\/wp-content\/uploads\/2024\/03\/LogoPartenaires_2lignes.png 1119w\" sizes=\"(max-width: 1024px) 100vw, 1024px\" \/><\/figure>\n<p><\/p>\t\t\t\t\t\t\t\t<\/div>\n\t\t\t\t<\/div>\n\t\t\t\t\t<\/div>\n\t\t\t\t<\/div>\n\t\t<div class=\"elementor-element elementor-element-db90495 e-grid e-con-boxed e-con e-parent\" data-id=\"db90495\" data-element_type=\"container\">\n\t\t\t\t\t<div class=\"e-con-inner\">\n\t\t\t\t<div class=\"elementor-element elementor-element-ae1c5a1 elementor-widget elementor-widget-text-editor\" data-id=\"ae1c5a1\" data-element_type=\"widget\" data-widget_type=\"text-editor.default\">\n\t\t\t\t<div class=\"elementor-widget-container\">\n\t\t\t\t\t\t\t\t\t<h4>Universit\u00e9 de Strasbourg<\/h4>\n<p>The ICube Laboratory of the University of Strasbourgis the project coordinator. ICube will be in charge of the design of the multilateration algorithm that accuratly computes the position of each sensor from the magnetic field they measue as well as the integration of sensors in the bangage.<\/p>\t\t\t\t\t\t\t\t<\/div>\n\t\t\t\t<\/div>\n\t\t\t\t<div class=\"elementor-element elementor-element-60d3592 elementor-widget elementor-widget-text-editor\" data-id=\"60d3592\" data-element_type=\"widget\" data-widget_type=\"text-editor.default\">\n\t\t\t\t<div class=\"elementor-widget-container\">\n\t\t\t\t\t\t\t\t\t<h4>Fachhochschule Nordwestschweitz<\/h4>\n<p>The FHNW will be in charge of the design of the electronic hardware for this project. This encompasses the PCB boards on which magnetic sensors will be soldered as well as the control of the coil that will generate magnetic fields.<\/p>\t\t\t\t\t\t\t\t<\/div>\n\t\t\t\t<\/div>\n\t\t\t\t<div class=\"elementor-element elementor-element-fa51e47 elementor-widget elementor-widget-text-editor\" data-id=\"fa51e47\" data-element_type=\"widget\" data-widget_type=\"text-editor.default\">\n\t\t\t\t<div class=\"elementor-widget-container\">\n\t\t\t\t\t\t\t\t\t<h4>Hochschule Kaiserslautern<\/h4>\n<p>The HSKL will be in charge of the development of the algorithm providing the 3D model of the ankle from the scatter plot of the position of the sensors in the bandage.<\/p>\t\t\t\t\t\t\t\t<\/div>\n\t\t\t\t<\/div>\n\t\t\t\t<div class=\"elementor-element elementor-element-944d398 elementor-widget elementor-widget-text-editor\" data-id=\"944d398\" data-element_type=\"widget\" data-widget_type=\"text-editor.default\">\n\t\t\t\t<div class=\"elementor-widget-container\">\n\t\t\t\t\t\t\t\t\t<h4>Hochschule Furtwangen<\/h4>\n<p>The HFU will be in charge of the encapsulation of sensors and electronic boards in a biocompatible polymer which aim at improving the robustness of the device towards mechanical stresses during usage (torsion, shear) and conditions of use (humidity, skin transpiration)<\/p>\t\t\t\t\t\t\t\t<\/div>\n\t\t\t\t<\/div>\n\t\t\t\t\t<\/div>\n\t\t\t\t<\/div>\n\t\t<div class=\"elementor-element elementor-element-006c8f6 e-flex e-con-boxed e-con e-parent\" data-id=\"006c8f6\" data-element_type=\"container\">\n\t\t\t\t\t<div class=\"e-con-inner\">\n\t\t\t\t<div class=\"elementor-element elementor-element-b2e4860 elementor-widget elementor-widget-text-editor\" data-id=\"b2e4860\" data-element_type=\"widget\" data-widget_type=\"text-editor.default\">\n\t\t\t\t<div class=\"elementor-widget-container\">\n\t\t\t\t\t\t\t\t\t<h1>Associated Partners<\/h1>\n<p>The main associated martner of the project id the BellwaldTEC GmbH company, a start-up which is a spin-off de la FHNW, that developp and market innovative solutions for body scan in orthopedic applications.<\/p>\t\t\t\t\t\t\t\t<\/div>\n\t\t\t\t<\/div>\n\t\t\t\t\t<\/div>\n\t\t\t\t<\/div>\n\t\t<div class=\"elementor-element elementor-element-d1e3dc9 e-flex e-con-boxed e-con e-parent\" data-id=\"d1e3dc9\" data-element_type=\"container\">\n\t\t\t\t\t<div class=\"e-con-inner\">\n\t\t\t\t<div class=\"elementor-element elementor-element-5b21aa1 elementor-widget elementor-widget-image\" data-id=\"5b21aa1\" data-element_type=\"widget\" data-widget_type=\"image.default\">\n\t\t\t\t<div class=\"elementor-widget-container\">\n\t\t\t\t\t\t\t\t\t\t\t\t\t\t\t<img decoding=\"async\" width=\"300\" height=\"142\" src=\"https:\/\/helpmewalk.eu\/wp-content\/uploads\/2024\/03\/CAXHFVNO-CompanyLogo-582672-300x142.png\" class=\"attachment-medium size-medium wp-image-90\" alt=\"\" srcset=\"https:\/\/helpmewalk.eu\/wp-content\/uploads\/2024\/03\/CAXHFVNO-CompanyLogo-582672-300x142.png 300w, https:\/\/helpmewalk.eu\/wp-content\/uploads\/2024\/03\/CAXHFVNO-CompanyLogo-582672.png 580w\" sizes=\"(max-width: 300px) 100vw, 300px\" \/>\t\t\t\t\t\t\t\t\t\t\t\t\t\t\t<\/div>\n\t\t\t\t<\/div>\n\t\t\t\t\t<\/div>\n\t\t\t\t<\/div>\n\t\t<div class=\"elementor-element elementor-element-52981df e-flex e-con-boxed e-con e-parent\" data-id=\"52981df\" data-element_type=\"container\">\n\t\t\t\t\t<div class=\"e-con-inner\">\n\t\t\t\t<div class=\"elementor-element elementor-element-3d416da elementor-widget elementor-widget-text-editor\" data-id=\"3d416da\" data-element_type=\"widget\" data-widget_type=\"text-editor.default\">\n\t\t\t\t<div class=\"elementor-widget-container\">\n\t\t\t\t\t\t\t\t\t<p>The other associated partners are two partners in the field of smart textils:<\/p>\n<ul>\n<li>The Laboratoire de Physique et M\u00e9canique Textile of the Universit\u00e9 de Haute-Alsace (UHA)<\/li>\n<li>La duotec company specialized in the integration of electronics within textil.<\/li>\n<\/ul>\n<p>as well as four orthopetic technician by which a clinical study will be performed at the end of the project:<\/p>\n<ul>\n<li>B\u00e4sler Orthop\u00e4die (B\u00e2le, Switzerland)<\/li>\n<li>the doctor office of Dr. Leiber-Wackenheim (Strasbourg, France)<\/li>\n<li>the <span id=\"page29R_mcid21\" class=\"markedContent\"><span dir=\"ltr\" role=\"presentation\">Sanit\u00e4tshaus Wurster GmbH<\/span> <\/span>(Freudenstadt, Germany)<\/li>\n<li>the adViva Sanit\u00e4tsCenter (Heidelberg, Germany)<\/li>\n<\/ul>\t\t\t\t\t\t\t\t<\/div>\n\t\t\t\t<\/div>\n\t\t\t\t\t<\/div>\n\t\t\t\t<\/div>\n\t\t\t\t<\/div>\n\t\t","protected":false},"excerpt":{"rendered":"<p>HelpMeWalk is a colaborative project involving four academic partners and eight associated partners Academic Partners Universit\u00e9 de Strasbourg The ICube Laboratory of the University of Strasbourgis the project coordinator. ICube will be in charge of the design of the multilateration<\/p>\n","protected":false},"author":2,"featured_media":0,"parent":0,"menu_order":0,"comment_status":"closed","ping_status":"closed","template":"","meta":{"footnotes":""},"class_list":["post-84","page","type-page","status-publish","hentry"],"_links":{"self":[{"href":"https:\/\/helpmewalk.eu\/index.php\/wp-json\/wp\/v2\/pages\/84","targetHints":{"allow":["GET"]}}],"collection":[{"href":"https:\/\/helpmewalk.eu\/index.php\/wp-json\/wp\/v2\/pages"}],"about":[{"href":"https:\/\/helpmewalk.eu\/index.php\/wp-json\/wp\/v2\/types\/page"}],"author":[{"embeddable":true,"href":"https:\/\/helpmewalk.eu\/index.php\/wp-json\/wp\/v2\/users\/2"}],"replies":[{"embeddable":true,"href":"https:\/\/helpmewalk.eu\/index.php\/wp-json\/wp\/v2\/comments?post=84"}],"version-history":[{"count":15,"href":"https:\/\/helpmewalk.eu\/index.php\/wp-json\/wp\/v2\/pages\/84\/revisions"}],"predecessor-version":[{"id":126,"href":"https:\/\/helpmewalk.eu\/index.php\/wp-json\/wp\/v2\/pages\/84\/revisions\/126"}],"wp:attachment":[{"href":"https:\/\/helpmewalk.eu\/index.php\/wp-json\/wp\/v2\/media?parent=84"}],"curies":[{"name":"wp","href":"https:\/\/api.w.org\/{rel}","templated":true}]}}